{"id":868,"date":"2022-06-24T11:28:21","date_gmt":"2022-06-24T11:28:21","guid":{"rendered":"https:\/\/oceanodecanarias.com\/?page_id=868"},"modified":"2022-06-28T08:40:28","modified_gmt":"2022-06-28T08:40:28","slug":"conociendo-a-los-chuchos","status":"publish","type":"page","link":"https:\/\/oceanodecanarias.com\/?page_id=868","title":{"rendered":"Conociendo a los chuchos"},"content":{"rendered":"<p>[et_pb_section fb_built=\u00bb1&#8243; _builder_version=\u00bb4.17.4&#8243; _module_preset=\u00bbdefault\u00bb background_color=\u00bb#FFFFFF\u00bb background_enable_mask_style=\u00bbon\u00bb background_mask_style=\u00bbcorner-square\u00bb background_mask_color=\u00bbrgba(1,68,118,0.2)\u00bb background_mask_transform=\u00bbflip_vertical|invert\u00bb background_last_edited=\u00bbon|phone\u00bb background_enable_mask_style_tablet=\u00bboff\u00bb global_colors_info=\u00bb{}\u00bb][et_pb_row _builder_version=\u00bb4.17.4&#8243; _module_preset=\u00bbdefault\u00bb custom_margin=\u00bb60px||60px||false|false\u00bb custom_margin_tablet=\u00bb40px||||false|false\u00bb custom_margin_phone=\u00bb20px||||false|false\u00bb custom_margin_last_edited=\u00bbon|phone\u00bb custom_padding=\u00bb||0px|||\u00bb global_colors_info=\u00bb{}\u00bb][et_pb_column type=\u00bb4_4&#8243; _builder_version=\u00bb4.17.4&#8243; _module_preset=\u00bbdefault\u00bb global_colors_info=\u00bb{}\u00bb][et_pb_text _builder_version=\u00bb4.17.4&#8243; _module_preset=\u00bbdefault\u00bb header_text_color=\u00bb#014476&#8243; header_font_size_tablet=\u00bb\u00bb header_font_size_phone=\u00bb28px\u00bb header_font_size_last_edited=\u00bbon|desktop\u00bb global_colors_info=\u00bb{}\u00bb]<\/p>\n<h1>Conociendo a los chuchos<\/h1>\n<p>[\/et_pb_text][et_pb_text _builder_version=\u00bb4.17.4&#8243; _module_preset=\u00bbdefault\u00bb text_font=\u00bb|300|||||||\u00bb text_text_color=\u00bb#2B2B2B\u00bb text_font_size=\u00bb18px\u00bb global_colors_info=\u00bb{}\u00bb]<\/p>\n<div class=\"page\" title=\"Page 1\">\n<div class=\"section\">\n<div class=\"layoutArea\">\n<div class=\"column\">\n<div class=\"page\" title=\"Page 1\">\n<div class=\"section\">\n<div class=\"layoutArea\">\n<div class=\"column\">\n<p><span>A pesar de ser muy habituales estos animales <strong>siguen siendo desconocidos para mucha gente de las Islas Canarias<\/strong>. Incluyendo buceadores y usuarios de las principales zonas de ban\u0303o. Tambie\u0301n hemos visto que dependiendo de la zona de la isla donde te encuentres pueden verse con mayor facilidad ciertas especies en determinadas e\u0301pocas del an\u0303o. <\/span><\/p>\n<p><span><\/span><span>Una de las especies que ma\u0301s se confunden son las Rayas de Rabo Largo (<\/span><span>Batythosia centroura<\/span><span>) y las Rayas Negras (<\/span><span>Taeniura grabata<\/span><span>), conocidas <\/span>tambie\u0301n como Chucho de Rabo Espinoso y Chucho Negro, respectivamente.<\/p>\n<p><span style=\"font-size: large;\"><strong>Con tus avistamientos nos ayudas a conocer ma\u0301s a estos maravillosos animales para poder obtener datos y contribuir a su conservacio\u0301n y proteccio\u0301n.<\/strong><\/span><\/p>\n<\/div>\n<\/div>\n<\/div>\n<\/div>\n<\/div>\n<\/div>\n<\/div>\n<\/div>\n<p>[\/et_pb_text][\/et_pb_column][\/et_pb_row][et_pb_row column_structure=\u00bb2_5,3_5&#8243; _builder_version=\u00bb4.17.4&#8243; _module_preset=\u00bbdefault\u00bb background_color=\u00bb#014476&#8243; max_width=\u00bb1080px\u00bb module_alignment=\u00bbcenter\u00bb custom_margin=\u00bb30px||||false|false\u00bb custom_padding=\u00bb0px||0px|||\u00bb border_radii=\u00bbon|12px|12px|12px|12px\u00bb global_colors_info=\u00bb{}\u00bb][et_pb_column type=\u00bb2_5&#8243; _builder_version=\u00bb4.17.4&#8243; _module_preset=\u00bbdefault\u00bb global_colors_info=\u00bb{}\u00bb][et_pb_image src=\u00bbhttps:\/\/oceanodecanarias.com\/wp-content\/uploads\/2022\/06\/chuchonegroejemplo.jpg\u00bb title_text=\u00bbchuchonegroejemplo\u00bb _builder_version=\u00bb4.17.4&#8243; _module_preset=\u00bbdefault\u00bb custom_margin=\u00bb||0px||false|false\u00bb hover_enabled=\u00bb0&#8243; global_colors_info=\u00bb{}\u00bb sticky_enabled=\u00bb0&#8243;][\/et_pb_image][\/et_pb_column][et_pb_column type=\u00bb3_5&#8243; _builder_version=\u00bb4.17.4&#8243; _module_preset=\u00bbdefault\u00bb global_colors_info=\u00bb{}\u00bb][et_pb_text _builder_version=\u00bb4.17.4&#8243; _module_preset=\u00bbdefault\u00bb text_text_color=\u00bb#FFFFFF\u00bb link_font=\u00bb|600|||||||\u00bb link_text_color=\u00bb#24C7C9&#8243; ol_text_color=\u00bb#FFFFFF\u00bb ol_font_size=\u00bb18px\u00bb ol_line_height=\u00bb1.5em\u00bb header_2_text_color=\u00bb#FFFFFF\u00bb header_2_font_size=\u00bb22px\u00bb custom_margin=\u00bb40px|50px|0px||false|false\u00bb custom_margin_tablet=\u00bb20px|50px|0px|50px|false|true\u00bb custom_margin_phone=\u00bb20px|20px||20px|false|true\u00bb custom_margin_last_edited=\u00bbon|tablet\u00bb ol_font_size_tablet=\u00bb18px\u00bb ol_font_size_phone=\u00bb16px\u00bb ol_font_size_last_edited=\u00bbon|phone\u00bb ol_line_height_tablet=\u00bb1.8em\u00bb ol_line_height_phone=\u00bb1.8em\u00bb ol_line_height_last_edited=\u00bbon|tablet\u00bb header_2_font_size_tablet=\u00bb22px\u00bb header_2_font_size_phone=\u00bb18px\u00bb header_2_font_size_last_edited=\u00bbon|desktop\u00bb global_colors_info=\u00bb{}\u00bb]<\/p>\n<h2>\u00a1Ay\u00fadanos a conocer a l0s chuchos en Canarias!<\/h2>\n<p>Es muy sencillo, si durante tus inmersiones o snorkel observas chuchos y el animal lo permite, apunta los siguientes datos:<\/p>\n<p>&nbsp;<\/p>\n<ol>\n<li>Especie: Chucho negro<\/li>\n<li>N\u00famero de individuos: 2<\/li>\n<li>Lugar: Abades<\/li>\n<li>Fecha: 13\/04\/2022<\/li>\n<li>Contacta con nuestro equipo en <a href=\"mailto:info@oceanodecanarias.com\">info@oceanodecanarias.com<\/a> o pulsa en el bot\u00f3n.<\/li>\n<\/ol>\n<p>[\/et_pb_text][et_pb_button button_url=\u00bbmailto:info@oceanodecanarias.com\u00bb button_text=\u00bb\u00a1He visto un chucho!\u00bb _builder_version=\u00bb4.17.4&#8243; _module_preset=\u00bbdefault\u00bb custom_button=\u00bbon\u00bb button_text_color=\u00bb#FFFFFF\u00bb button_bg_color=\u00bb#24C7C9&#8243; button_icon=\u00bb&#xf101;||fa||900&#8243; custom_margin=\u00bb|||0px|false|false\u00bb custom_margin_tablet=\u00bb|||50px|false|false\u00bb custom_margin_phone=\u00bb|||20px|false|false\u00bb custom_margin_last_edited=\u00bbon|phone\u00bb global_colors_info=\u00bb{}\u00bb][\/et_pb_button][et_pb_text _builder_version=\u00bb4.17.4&#8243; _module_preset=\u00bbdefault\u00bb text_text_color=\u00bb#FFFFFF\u00bb text_font_size=\u00bb18px\u00bb ol_text_color=\u00bb#FFFFFF\u00bb ol_font_size=\u00bb18px\u00bb ol_line_height=\u00bb2.8em\u00bb header_2_text_color=\u00bb#FFFFFF\u00bb header_2_font_size=\u00bb22px\u00bb custom_margin=\u00bb30px|50px|0px||false|false\u00bb custom_margin_tablet=\u00bb|||50px|false|false\u00bb custom_margin_phone=\u00bb|||20px|false|false\u00bb custom_margin_last_edited=\u00bbon|phone\u00bb custom_padding=\u00bb||9px||false|false\u00bb custom_padding_last_edited=\u00bboff|tablet\u00bb text_font_size_tablet=\u00bb18px\u00bb text_font_size_phone=\u00bb16px\u00bb text_font_size_last_edited=\u00bbon|phone\u00bb global_colors_info=\u00bb{}\u00bb]<\/p>\n<p>Si tienes fotos o v\u00eddeos del encuentro, puedes adjuntarlas para confirmar el registro.<\/p>\n<p>[\/et_pb_text][\/et_pb_column][\/et_pb_row][et_pb_row _builder_version=\u00bb4.17.4&#8243; _module_preset=\u00bbdefault\u00bb custom_margin=\u00bb30px||||false|false\u00bb global_colors_info=\u00bb{}\u00bb][et_pb_column type=\u00bb4_4&#8243; _builder_version=\u00bb4.17.4&#8243; _module_preset=\u00bbdefault\u00bb global_colors_info=\u00bb{}\u00bb][et_pb_text _builder_version=\u00bb4.17.4&#8243; _module_preset=\u00bbdefault\u00bb text_font=\u00bb|300|||||||\u00bb text_text_color=\u00bb#2B2B2B\u00bb text_font_size=\u00bb18px\u00bb custom_padding=\u00bb||0px|||\u00bb hover_enabled=\u00bb0&#8243; global_colors_info=\u00bb{}\u00bb sticky_enabled=\u00bb0&#8243;]<\/p>\n<div class=\"page\" title=\"Page 1\">\n<div class=\"section\">\n<div class=\"layoutArea\">\n<div class=\"column\">\n<div class=\"page\" title=\"Page 1\">\n<div class=\"section\">\n<div class=\"layoutArea\">\n<div class=\"column\">\n<div class=\"page\" title=\"Page 2\">\n<div class=\"section\">\n<div class=\"layoutArea\">\n<div class=\"column\">\n<p><span>Observar varios individuos de estas especies durante nuestros buceos es algo u\u0301nico a lo que tenemos que darle valor. Algunas de estas especies esta\u0301n amenazadas a nivel internacional y encuentran en nuestras fondos marinos un hogar donde desarrollarse. <\/span><\/p>\n<p><span style=\"font-size: x-large; color: #24c7c9;\"><strong>\u00a1Conozc\u00e1moslos! <\/strong><\/span><\/p>\n<\/div>\n<\/div>\n<\/div>\n<\/div>\n<\/div>\n<\/div>\n<\/div>\n<\/div>\n<\/div>\n<\/div>\n<\/div>\n<\/div>\n<p>[\/et_pb_text][\/et_pb_column][\/et_pb_row][et_pb_row _builder_version=\u00bb4.17.4&#8243; _module_preset=\u00bbdefault\u00bb custom_margin=\u00bb30px||||false|false\u00bb global_colors_info=\u00bb{}\u00bb][et_pb_column type=\u00bb4_4&#8243; _builder_version=\u00bb4.17.4&#8243; _module_preset=\u00bbdefault\u00bb global_colors_info=\u00bb{}\u00bb][et_pb_text _builder_version=\u00bb4.17.4&#8243; _module_preset=\u00bbdefault\u00bb text_font=\u00bb||||||||\u00bb text_text_color=\u00bb#2B2B2B\u00bb text_font_size=\u00bb20px\u00bb header_4_text_color=\u00bb#2B2B2B\u00bb custom_padding=\u00bb||0px|||\u00bb text_font_size_tablet=\u00bb20px\u00bb text_font_size_phone=\u00bb18px\u00bb text_font_size_last_edited=\u00bbon|phone\u00bb header_4_font_size_tablet=\u00bb\u00bb header_4_font_size_phone=\u00bb20px\u00bb header_4_font_size_last_edited=\u00bbon|phone\u00bb global_colors_info=\u00bb{}\u00bb]<\/p>\n<div class=\"page\" title=\"Page 1\">\n<div class=\"section\">\n<div class=\"layoutArea\">\n<div class=\"column\">\n<div class=\"page\" title=\"Page 1\">\n<div class=\"section\">\n<div class=\"layoutArea\">\n<div class=\"column\">\n<div class=\"page\" title=\"Page 2\">\n<div class=\"section\">\n<div class=\"layoutArea\">\n<div class=\"column\">\n<h4><strong>\u00bfSabes diferenciarlos?<\/strong><\/h4>\n<p>Como ya hab\u00edamos comentado anteriormente, las especies de Chucho que m\u00e1s habitualmente se encuntran en Canarias son el Chucho negro y el Chucho rabo largo. Queremos ense\u00f1arte un truco muy sencillo para saber diferenciarlos entre s\u00ed, solo tienes que observar bien la forma de su morro:<\/p>\n<\/div>\n<\/div>\n<\/div>\n<\/div>\n<\/div>\n<\/div>\n<\/div>\n<\/div>\n<\/div>\n<\/div>\n<\/div>\n<\/div>\n<p>[\/et_pb_text][\/et_pb_column][\/et_pb_row][et_pb_row column_structure=\u00bb1_2,1_2&#8243; _builder_version=\u00bb4.17.4&#8243; _module_preset=\u00bbdefault\u00bb global_colors_info=\u00bb{}\u00bb][et_pb_column type=\u00bb1_2&#8243; _builder_version=\u00bb4.17.4&#8243; _module_preset=\u00bbdefault\u00bb global_colors_info=\u00bb{}\u00bb][et_pb_image src=\u00bbhttps:\/\/oceanodecanarias.com\/wp-content\/uploads\/2022\/06\/chuchonegro.png\u00bb title_text=\u00bbchuchonegro\u00bb _builder_version=\u00bb4.17.4&#8243; _module_preset=\u00bbdefault\u00bb border_radii=\u00bbon|12px|12px|12px|12px\u00bb global_colors_info=\u00bb{}\u00bb][\/et_pb_image][\/et_pb_column][et_pb_column type=\u00bb1_2&#8243; _builder_version=\u00bb4.17.4&#8243; _module_preset=\u00bbdefault\u00bb global_colors_info=\u00bb{}\u00bb][et_pb_image src=\u00bbhttps:\/\/oceanodecanarias.com\/wp-content\/uploads\/2022\/06\/chuchorabolargo.png\u00bb title_text=\u00bbchuchorabolargo\u00bb _builder_version=\u00bb4.17.4&#8243; _module_preset=\u00bbdefault\u00bb border_radii=\u00bbon|12px|12px|12px|12px\u00bb global_colors_info=\u00bb{}\u00bb][\/et_pb_image][\/et_pb_column][\/et_pb_row][\/et_pb_section]<\/p>\n","protected":false},"excerpt":{"rendered":"<p>Conociendo a los chuchos A pesar de ser muy habituales estos animales siguen siendo desconocidos para mucha gente de las Islas Canarias. Incluyendo buceadores y usuarios de las principales zonas de ban\u0303o. Tambie\u0301n hemos visto que dependiendo de la zona de la isla donde te encuentres pueden verse con mayor facilidad ciertas especies en determinadas [&hellip;]<\/p>\n","protected":false},"author":3,"featured_media":0,"parent":0,"menu_order":0,"comment_status":"closed","ping_status":"closed","template":"","meta":{"_acf_changed":false,"_et_pb_use_builder":"on","_et_pb_old_content":"","_et_gb_content_width":"","footnotes":""},"class_list":["post-868","page","type-page","status-publish","hentry"],"acf":[],"_links":{"self":[{"href":"https:\/\/oceanodecanarias.com\/index.php?rest_route=\/wp\/v2\/pages\/868","targetHints":{"allow":["GET"]}}],"collection":[{"href":"https:\/\/oceanodecanarias.com\/index.php?rest_route=\/wp\/v2\/pages"}],"about":[{"href":"https:\/\/oceanodecanarias.com\/index.php?rest_route=\/wp\/v2\/types\/page"}],"author":[{"embeddable":true,"href":"https:\/\/oceanodecanarias.com\/index.php?rest_route=\/wp\/v2\/users\/3"}],"replies":[{"embeddable":true,"href":"https:\/\/oceanodecanarias.com\/index.php?rest_route=%2Fwp%2Fv2%2Fcomments&post=868"}],"version-history":[{"count":5,"href":"https:\/\/oceanodecanarias.com\/index.php?rest_route=\/wp\/v2\/pages\/868\/revisions"}],"predecessor-version":[{"id":882,"href":"https:\/\/oceanodecanarias.com\/index.php?rest_route=\/wp\/v2\/pages\/868\/revisions\/882"}],"wp:attachment":[{"href":"https:\/\/oceanodecanarias.com\/index.php?rest_route=%2Fwp%2Fv2%2Fmedia&parent=868"}],"curies":[{"name":"wp","href":"https:\/\/api.w.org\/{rel}","templated":true}]}}