{"id":847,"date":"2022-06-23T16:21:25","date_gmt":"2022-06-23T16:21:25","guid":{"rendered":"https:\/\/oceanodecanarias.com\/?page_id=847"},"modified":"2022-06-28T08:50:23","modified_gmt":"2022-06-28T08:50:23","slug":"fotoid-tortugas-canarias","status":"publish","type":"page","link":"https:\/\/oceanodecanarias.com\/?page_id=847","title":{"rendered":"Fotoid tortugas canarias"},"content":{"rendered":"<p>[et_pb_section fb_built=\u00bb1&#8243; _builder_version=\u00bb4.17.4&#8243; _module_preset=\u00bbdefault\u00bb background_color=\u00bb#FFFFFF\u00bb background_enable_mask_style=\u00bbon\u00bb background_mask_style=\u00bbhoneycomb\u00bb background_mask_color=\u00bbrgba(1,68,118,0.2)\u00bb background_mask_transform=\u00bbflip_vertical|invert\u00bb background_last_edited=\u00bbon|phone\u00bb background_enable_mask_style_tablet=\u00bboff\u00bb global_colors_info=\u00bb{}\u00bb][et_pb_row _builder_version=\u00bb4.17.4&#8243; _module_preset=\u00bbdefault\u00bb custom_margin=\u00bb60px||60px||false|false\u00bb custom_margin_tablet=\u00bb40px||||false|false\u00bb custom_margin_phone=\u00bb20px||||false|false\u00bb custom_margin_last_edited=\u00bbon|phone\u00bb custom_padding=\u00bb||0px|||\u00bb global_colors_info=\u00bb{}\u00bb][et_pb_column type=\u00bb4_4&#8243; _builder_version=\u00bb4.17.4&#8243; _module_preset=\u00bbdefault\u00bb global_colors_info=\u00bb{}\u00bb][et_pb_text _builder_version=\u00bb4.17.4&#8243; _module_preset=\u00bbdefault\u00bb header_text_color=\u00bb#014476&#8243; header_font_size_tablet=\u00bb\u00bb header_font_size_phone=\u00bb28px\u00bb header_font_size_last_edited=\u00bbon|desktop\u00bb global_colors_info=\u00bb{}\u00bb]<\/p>\n<h1>Foto identificaci\u00f3n de tortugas de canarias<\/h1>\n<p>[\/et_pb_text][et_pb_text _builder_version=\u00bb4.17.4&#8243; _module_preset=\u00bbdefault\u00bb text_font=\u00bb|300|||||||\u00bb text_text_color=\u00bb#2B2B2B\u00bb text_font_size=\u00bb18px\u00bb global_colors_info=\u00bb{}\u00bb]<\/p>\n<div class=\"page\" title=\"Page 1\">\n<div class=\"section\">\n<div class=\"layoutArea\">\n<div class=\"column\">\n<p><span>La fotoidentificacio\u0301n es una <strong>te\u0301cnica no invasiva<\/strong> que permite reconocer a diferentes animales por marcas caracteri\u0301sticas. En este caso las tortugas marinas presentan <strong>un patro\u0301n u\u0301nico y exclusivo<\/strong> de cada individuo en su lateral de la cabeza. <\/span><\/p>\n<p><span>Este patro\u0301n permite conocer si se trata de la misma tortuga o es diferente. Nuestro proyecto pionero busca dar valor a la presencia de estos animales en las aguas marinas de Canarias e involucrar a la sociedad en el cuidado y conocimiento de estos reptiles marinos.<\/span><\/p>\n<p><span style=\"font-size: 18px;\">Para ello puedes contribuir enviando tus ima\u0301genes\/vi\u0301deos a nuestro equipo, de esta manera te podremos decir si se trata de una tortuga ya identificada o si es un nuevo registro. En ambos casos recibira\u0301s un certificado que informa sobre el seguimiento de esta tortuga.<\/span><\/p>\n<\/div>\n<\/div>\n<\/div>\n<\/div>\n<p>[\/et_pb_text][\/et_pb_column][\/et_pb_row][et_pb_row column_structure=\u00bb2_5,3_5&#8243; _builder_version=\u00bb4.17.4&#8243; _module_preset=\u00bbdefault\u00bb background_color=\u00bb#014476&#8243; max_width=\u00bb1080px\u00bb module_alignment=\u00bbcenter\u00bb custom_margin=\u00bb30px||||false|false\u00bb custom_padding=\u00bb0px||0px|||\u00bb border_radii=\u00bbon|12px|12px|12px|12px\u00bb global_colors_info=\u00bb{}\u00bb][et_pb_column type=\u00bb2_5&#8243; _builder_version=\u00bb4.17.4&#8243; _module_preset=\u00bbdefault\u00bb global_colors_info=\u00bb{}\u00bb][et_pb_image src=\u00bbhttps:\/\/oceanodecanarias.com\/wp-content\/uploads\/2022\/06\/Foto-ID-tortugas-1.jpg\u00bb title_text=\u00bbFoto ID tortugas (1)\u00bb _builder_version=\u00bb4.17.4&#8243; _module_preset=\u00bbdefault\u00bb custom_margin=\u00bb||0px||false|false\u00bb global_colors_info=\u00bb{}\u00bb][\/et_pb_image][et_pb_text _builder_version=\u00bb4.17.4&#8243; _module_preset=\u00bbdefault\u00bb text_text_color=\u00bb#FFFFFF\u00bb text_font_size=\u00bb12px\u00bb text_line_height=\u00bb1em\u00bb background_color=\u00bb#014476&#8243; positioning=\u00bbabsolute\u00bb position_origin_a=\u00bbbottom_left\u00bb text_orientation=\u00bbcenter\u00bb width=\u00bb100%\u00bb max_width=\u00bb100%\u00bb custom_margin_tablet=\u00bb|0px||0px|false|true\u00bb custom_margin_phone=\u00bb|0px||0px|false|true\u00bb custom_margin_last_edited=\u00bbon|tablet\u00bb custom_padding=\u00bb4px||4px||true|false\u00bb custom_padding_tablet=\u00bb4px|40px|4px|40px|true|true\u00bb custom_padding_phone=\u00bb4px|40px|4px|40px|true|true\u00bb custom_padding_last_edited=\u00bbon|desktop\u00bb border_width_bottom=\u00bb0px\u00bb border_width_all_tablet=\u00bb\u00bb border_width_all_phone=\u00bb\u00bb border_width_all_last_edited=\u00bbon|tablet\u00bb border_width_top_tablet=\u00bb0px\u00bb border_width_top_phone=\u00bb0px\u00bb border_width_top_last_edited=\u00bbon|tablet\u00bb border_color_top_tablet=\u00bb#FFFFFF\u00bb border_color_top_phone=\u00bb#FFFFFF\u00bb border_color_top_last_edited=\u00bbon|tablet\u00bb border_width_bottom_tablet=\u00bb0px\u00bb border_width_bottom_phone=\u00bb0px\u00bb border_width_bottom_last_edited=\u00bbon|tablet\u00bb border_color_bottom_tablet=\u00bb#FFFFFF\u00bb border_color_bottom_phone=\u00bb#FFFFFF\u00bb border_color_bottom_last_edited=\u00bbon|tablet\u00bb global_colors_info=\u00bb{}\u00bb]<\/p>\n<p>Ejemplar de Tortuga Verde (Chelonia Mydas) con la t\u00e9cnica de fotoidentificaci\u00f3n que reconoce sus escamas.<\/p>\n<p>[\/et_pb_text][\/et_pb_column][et_pb_column type=\u00bb3_5&#8243; _builder_version=\u00bb4.17.4&#8243; _module_preset=\u00bbdefault\u00bb global_colors_info=\u00bb{}\u00bb][et_pb_text _builder_version=\u00bb4.17.4&#8243; _module_preset=\u00bbdefault\u00bb text_text_color=\u00bb#FFFFFF\u00bb link_font=\u00bb|600|||||||\u00bb link_text_color=\u00bb#24C7C9&#8243; ol_text_color=\u00bb#FFFFFF\u00bb ol_font_size=\u00bb18px\u00bb ol_line_height=\u00bb1.5em\u00bb header_2_text_color=\u00bb#FFFFFF\u00bb header_2_font_size=\u00bb22px\u00bb custom_margin=\u00bb60px|50px|0px||false|false\u00bb custom_margin_tablet=\u00bb20px|50px|0px|50px|false|true\u00bb custom_margin_phone=\u00bb20px|20px||20px|false|true\u00bb custom_margin_last_edited=\u00bbon|tablet\u00bb ol_font_size_tablet=\u00bb18px\u00bb ol_font_size_phone=\u00bb16px\u00bb ol_font_size_last_edited=\u00bbon|phone\u00bb ol_line_height_tablet=\u00bb1.8em\u00bb ol_line_height_phone=\u00bb1.8em\u00bb ol_line_height_last_edited=\u00bbon|tablet\u00bb header_2_font_size_tablet=\u00bb22px\u00bb header_2_font_size_phone=\u00bb18px\u00bb header_2_font_size_last_edited=\u00bbon|desktop\u00bb global_colors_info=\u00bb{}\u00bb]<\/p>\n<h2>\u00a1Ay\u00fadanos a conocer a las tortugas de Canarias!<\/h2>\n<p>Es muy sencillo, si durante tus inmersiones o snorkel observas tortugas y el animal lo permite:<\/p>\n<p>&nbsp;<\/p>\n<ol>\n<li>Graba un v\u00eddeo de la tortuga, a poder ser de ambos lados de la cara.<\/li>\n<li>Saca captura de pantalla donde se puedan apreciar este patr\u00f3n.<\/li>\n<li>Contacta con nuestro equipo en <a href=\"mailto:info@oceanodecanarias.com\">info@oceanodecanarias.com<\/a> o pulsa en el bot\u00f3n.<\/li>\n<\/ol>\n<p>[\/et_pb_text][et_pb_button button_url=\u00bbmailto:info@oceanodecanarias.com\u00bb button_text=\u00bb\u00a1He visto una tortuga!\u00bb _builder_version=\u00bb4.17.4&#8243; _module_preset=\u00bbdefault\u00bb custom_button=\u00bbon\u00bb button_text_color=\u00bb#FFFFFF\u00bb button_bg_color=\u00bb#24C7C9&#8243; button_icon=\u00bb&#xf101;||fa||900&#8243; custom_margin=\u00bb|||0px|false|false\u00bb custom_margin_tablet=\u00bb|||50px|false|false\u00bb custom_margin_phone=\u00bb|||20px|false|false\u00bb custom_margin_last_edited=\u00bbon|phone\u00bb global_colors_info=\u00bb{}\u00bb][\/et_pb_button][et_pb_text _builder_version=\u00bb4.17.4&#8243; _module_preset=\u00bbdefault\u00bb text_text_color=\u00bb#FFFFFF\u00bb text_font_size=\u00bb18px\u00bb ol_text_color=\u00bb#FFFFFF\u00bb ol_font_size=\u00bb18px\u00bb ol_line_height=\u00bb2.8em\u00bb header_2_text_color=\u00bb#FFFFFF\u00bb header_2_font_size=\u00bb22px\u00bb custom_margin=\u00bb30px|50px|0px||false|false\u00bb custom_margin_tablet=\u00bb|||50px|false|false\u00bb custom_margin_phone=\u00bb|||20px|false|false\u00bb custom_margin_last_edited=\u00bbon|phone\u00bb custom_padding=\u00bb||30px||false|false\u00bb custom_padding_last_edited=\u00bboff|tablet\u00bb text_font_size_tablet=\u00bb18px\u00bb text_font_size_phone=\u00bb16px\u00bb text_font_size_last_edited=\u00bbon|phone\u00bb global_colors_info=\u00bb{}\u00bb]<\/p>\n<p>En caso de ser una tortuga ya identificada, podr\u00e1s conocer en qu\u00e9 otro momento fue vista. Si es un primer avistamiento, podr\u00e1s ponerle nombre.<\/p>\n<p>[\/et_pb_text][\/et_pb_column][\/et_pb_row][et_pb_row _builder_version=\u00bb4.17.4&#8243; _module_preset=\u00bbdefault\u00bb custom_margin=\u00bb30px||||false|false\u00bb global_colors_info=\u00bb{}\u00bb][et_pb_column type=\u00bb4_4&#8243; _builder_version=\u00bb4.17.4&#8243; _module_preset=\u00bbdefault\u00bb global_colors_info=\u00bb{}\u00bb][et_pb_text _builder_version=\u00bb4.17.4&#8243; _module_preset=\u00bbdefault\u00bb text_font=\u00bb|300|||||||\u00bb text_text_color=\u00bb#2B2B2B\u00bb text_font_size=\u00bb18px\u00bb custom_padding=\u00bb||0px|||\u00bb global_colors_info=\u00bb{}\u00bb]<\/p>\n<div class=\"page\" title=\"Page 1\">\n<div class=\"section\">\n<div class=\"layoutArea\">\n<div class=\"column\">\n<div class=\"page\" title=\"Page 1\">\n<div class=\"section\">\n<div class=\"layoutArea\">\n<div class=\"column\">\n<p><span>Estos datos servira\u0301n a diferentes investigadores y organizaciones para establecer medidas de conservacio\u0301n y entender au\u0301n ma\u0301s la presencia de estos animales en nuestras aguas. <\/span><\/p>\n<p><span>Colaboramos con los centros de buceo que realizan inmersiones regularmente en zonas con alta probabilidad de avistamiento de tortugas. Mediante el registro fotogra\u0301fico continuado de los individuos podemos tener ma\u0301s informacio\u0301n sobre sus ha\u0301bitos y contabilizar los individuos presentes frecuentemente en la zona. <\/span><\/p>\n<p><span style=\"font-size: x-large; color: #24c7c9;\"><strong>\u00a1Tu\u0301 tambie\u0301n puedes colaborar! <\/strong><\/span><\/p>\n<\/div>\n<\/div>\n<\/div>\n<\/div>\n<\/div>\n<\/div>\n<\/div>\n<\/div>\n<p>[\/et_pb_text][\/et_pb_column][\/et_pb_row][et_pb_row column_structure=\u00bb1_2,1_2&#8243; _builder_version=\u00bb4.17.4&#8243; _module_preset=\u00bbdefault\u00bb width=\u00bb40%\u00bb width_tablet=\u00bb70%\u00bb width_phone=\u00bb85%\u00bb width_last_edited=\u00bbon|tablet\u00bb max_width=\u00bb40%\u00bb max_width_tablet=\u00bb70%\u00bb max_width_phone=\u00bb85%\u00bb max_width_last_edited=\u00bbon|tablet\u00bb custom_css_main_element=\u00bbdisplay:flex;\u00bb global_colors_info=\u00bb{}\u00bb][et_pb_column type=\u00bb1_2&#8243; _builder_version=\u00bb4.17.4&#8243; _module_preset=\u00bbdefault\u00bb global_colors_info=\u00bb{}\u00bb][et_pb_image src=\u00bbhttps:\/\/oceanodecanarias.com\/wp-content\/uploads\/2022\/06\/GPTempDownload-9-1-1.jpg\u00bb title_text=\u00bbGPTempDownload 9 (1) (1)\u00bb _builder_version=\u00bb4.17.4&#8243; _module_preset=\u00bbdefault\u00bb custom_margin=\u00bb|20px|||false|false\u00bb custom_margin_tablet=\u00bb|20px|||false|false\u00bb custom_margin_phone=\u00bb|5px|||false|false\u00bb custom_margin_last_edited=\u00bbon|phone\u00bb border_radii=\u00bboff|12px|12px||\u00bb global_colors_info=\u00bb{}\u00bb][\/et_pb_image][et_pb_text _builder_version=\u00bb4.17.4&#8243; _module_preset=\u00bbdefault\u00bb text_text_color=\u00bb#FFFFFF\u00bb text_font_size=\u00bb12px\u00bb text_line_height=\u00bb1em\u00bb background_color=\u00bb#014476&#8243; positioning=\u00bbabsolute\u00bb position_origin_a=\u00bbbottom_left\u00bb text_orientation=\u00bbcenter\u00bb custom_margin=\u00bb|20px|||false|false\u00bb custom_margin_tablet=\u00bb|20px|||false|false\u00bb custom_margin_phone=\u00bb|5px|||false|false\u00bb custom_margin_last_edited=\u00bbon|phone\u00bb custom_padding=\u00bb4px|10px|4px|10px|true|true\u00bb hover_enabled=\u00bb0&#8243; border_radii=\u00bboff|||12px|12px\u00bb global_colors_info=\u00bb{}\u00bb sticky_enabled=\u00bb0&#8243; text_font_size_last_edited=\u00bbon|phone\u00bb text_font_size_phone=\u00bb10px\u00bb text_font_size_tablet=\u00bb12px\u00bb]<\/p>\n<p>Tortuga verde nadando en la zona del Palm-mar, Tenerife. Ejemplar registrado en nuestra base de datos.<\/p>\n<p>[\/et_pb_text][\/et_pb_column][et_pb_column type=\u00bb1_2&#8243; _builder_version=\u00bb4.17.4&#8243; _module_preset=\u00bbdefault\u00bb global_colors_info=\u00bb{}\u00bb][et_pb_image src=\u00bbhttps:\/\/oceanodecanarias.com\/wp-content\/uploads\/2022\/06\/GPTempDownload-10-1-1.jpg\u00bb title_text=\u00bbGPTempDownload 10 (1) (1)\u00bb _builder_version=\u00bb4.17.4&#8243; _module_preset=\u00bbdefault\u00bb custom_margin=\u00bb|||20px|false|false\u00bb custom_margin_tablet=\u00bb18px||0px|20px|false|false\u00bb custom_margin_phone=\u00bb18px|||5px|false|false\u00bb custom_margin_last_edited=\u00bbon|desktop\u00bb custom_padding=\u00bb||||false|false\u00bb border_radii=\u00bbon|12px|12px|12px|12px\u00bb global_colors_info=\u00bb{}\u00bb][\/et_pb_image][et_pb_text _builder_version=\u00bb4.17.4&#8243; _module_preset=\u00bbdefault\u00bb text_text_color=\u00bb#FFFFFF\u00bb text_font_size=\u00bb12px\u00bb text_line_height=\u00bb1em\u00bb background_color=\u00bb#014476&#8243; positioning=\u00bbabsolute\u00bb vertical_offset_tablet=\u00bb0px\u00bb vertical_offset_phone=\u00bb0px\u00bb vertical_offset_last_edited=\u00bbon|phone\u00bb text_orientation=\u00bbcenter\u00bb custom_margin=\u00bb|||20px|false|false\u00bb custom_margin_tablet=\u00bb|||20px|false|false\u00bb custom_margin_phone=\u00bb|||5px|false|false\u00bb custom_margin_last_edited=\u00bbon|phone\u00bb custom_padding=\u00bb4px|80px|4px|80px|true|true\u00bb custom_padding_tablet=\u00bb|50px||50px|true|true\u00bb custom_padding_phone=\u00bb|0px||0px|true|true\u00bb custom_padding_last_edited=\u00bbon|phone\u00bb text_font_size_tablet=\u00bb12px\u00bb text_font_size_phone=\u00bb10px\u00bb text_font_size_last_edited=\u00bbon|phone\u00bb border_radii=\u00bboff|12px|12px||\u00bb global_colors_info=\u00bb{}\u00bb]<\/p>\n<p>Y esta&#8230; \u00bfes la misma tortuga seg\u00fan sus escamas?<\/p>\n<p>[\/et_pb_text][\/et_pb_column][\/et_pb_row][\/et_pb_section]<\/p>\n","protected":false},"excerpt":{"rendered":"<p>Foto identificaci\u00f3n de tortugas de canarias La fotoidentificacio\u0301n es una te\u0301cnica no invasiva que permite reconocer a diferentes animales por marcas caracteri\u0301sticas. En este caso las tortugas marinas presentan un patro\u0301n u\u0301nico y exclusivo de cada individuo en su lateral de la cabeza. Este patro\u0301n permite conocer si se trata de la misma tortuga o [&hellip;]<\/p>\n","protected":false},"author":3,"featured_media":0,"parent":0,"menu_order":0,"comment_status":"closed","ping_status":"closed","template":"","meta":{"_acf_changed":false,"_et_pb_use_builder":"on","_et_pb_old_content":"","_et_gb_content_width":"","footnotes":""},"class_list":["post-847","page","type-page","status-publish","hentry"],"acf":[],"_links":{"self":[{"href":"https:\/\/oceanodecanarias.com\/index.php?rest_route=\/wp\/v2\/pages\/847","targetHints":{"allow":["GET"]}}],"collection":[{"href":"https:\/\/oceanodecanarias.com\/index.php?rest_route=\/wp\/v2\/pages"}],"about":[{"href":"https:\/\/oceanodecanarias.com\/index.php?rest_route=\/wp\/v2\/types\/page"}],"author":[{"embeddable":true,"href":"https:\/\/oceanodecanarias.com\/index.php?rest_route=\/wp\/v2\/users\/3"}],"replies":[{"embeddable":true,"href":"https:\/\/oceanodecanarias.com\/index.php?rest_route=%2Fwp%2Fv2%2Fcomments&post=847"}],"version-history":[{"count":5,"href":"https:\/\/oceanodecanarias.com\/index.php?rest_route=\/wp\/v2\/pages\/847\/revisions"}],"predecessor-version":[{"id":888,"href":"https:\/\/oceanodecanarias.com\/index.php?rest_route=\/wp\/v2\/pages\/847\/revisions\/888"}],"wp:attachment":[{"href":"https:\/\/oceanodecanarias.com\/index.php?rest_route=%2Fwp%2Fv2%2Fmedia&parent=847"}],"curies":[{"name":"wp","href":"https:\/\/api.w.org\/{rel}","templated":true}]}}