{"id":22,"date":"2022-05-05T11:52:39","date_gmt":"2022-05-05T11:52:39","guid":{"rendered":"https:\/\/oceanodecanarias.com\/?page_id=22"},"modified":"2025-09-25T20:48:13","modified_gmt":"2025-09-25T19:48:13","slug":"contacto","status":"publish","type":"page","link":"https:\/\/oceanodecanarias.com\/?page_id=22","title":{"rendered":"Contacto"},"content":{"rendered":"<p>[et_pb_section fb_built=\u00bb1&#8243; _builder_version=\u00bb4.17.4&#8243; _module_preset=\u00bbdefault\u00bb background_enable_pattern_style=\u00bbon\u00bb background_pattern_style=\u00bbogees\u00bb background_pattern_color=\u00bbrgba(36,199,201,0.1)\u00bb background_pattern_transform=\u00bbinvert\u00bb global_colors_info=\u00bb{}\u00bb][et_pb_row column_structure=\u00bb2_3,1_3&#8243; use_custom_gutter=\u00bbon\u00bb gutter_width=\u00bb2&#8243; _builder_version=\u00bb4.17.4&#8243; _module_preset=\u00bbdefault\u00bb custom_padding=\u00bb60px||60px||true|false\u00bb global_colors_info=\u00bb{}\u00bb][et_pb_column type=\u00bb2_3&#8243; _builder_version=\u00bb4.17.4&#8243; _module_preset=\u00bbdefault\u00bb global_colors_info=\u00bb{}\u00bb][et_pb_text _builder_version=\u00bb4.17.4&#8243; _module_preset=\u00bbdefault\u00bb text_font=\u00bb|300|||||||\u00bb text_text_color=\u00bb#2B2B2B\u00bb text_font_size=\u00bb18px\u00bb header_font=\u00bb||on||||||\u00bb header_font_size=\u00bb46px\u00bb header_font_size_tablet=\u00bb46px\u00bb header_font_size_phone=\u00bb36px\u00bb header_font_size_last_edited=\u00bbon|phone\u00bb global_colors_info=\u00bb{}\u00bb]<\/p>\n<h1>Contacto<\/h1>\n<p>Rellenando este formulario podr\u00e1s ponerte en contacto con nuestra organizaci\u00f3n con el objetivo de informarte sobre nuestras acciones, concertar sesiones formativas en tu empresa, centro escolar, cofrad\u00eda de pescadores, etc. Puedes utilizarlo tambi\u00e9n para cualquier otro tipo de comunicaci\u00f3n.<\/p>\n<p>[\/et_pb_text][et_pb_contact_form use_spam_service=\u00bbon\u00bb recaptcha_list=\u00bboceanodecanariascom|oceanodecanariascom-0&#8243; email=\u00bbinfo@oceanodecanarias.com\u00bb custom_message=\u00bbEste es un mensaje que llega desde la p\u00e1gina web.||et_pb_line_break_holder||||et_pb_line_break_holder||Nombre: %%Nombre%% %%Apellidos%%||et_pb_line_break_holder||Email: %%Email%%||et_pb_line_break_holder||Tel\u00e9fono: %%Tel\u00e9fono%%||et_pb_line_break_holder||Tipo de mensaje: %%Motivo%%||et_pb_line_break_holder||||et_pb_line_break_holder||Mensaje: %%Mensaje%%||et_pb_line_break_holder||||et_pb_line_break_holder||\u00a1Muchas gracias!\u00bb use_redirect=\u00bbon\u00bb redirect_url=\u00bbhttps:\/\/oceanodecanarias.com\/gracias-correo\/\u00bb success_message=\u00bbTu mensaje se ha enviado correctamente. Nos pondremos en contacto contigo lo antes posible.\u00bb submit_button_text=\u00bb\u00a1Enviar!\u00bb _builder_version=\u00bb4.27.4&#8243; _module_preset=\u00bbdefault\u00bb _unique_id=\u00bbb979bd1c-dadb-44c0-b828-9ebe376894e2&#8243; form_field_background_color=\u00bb#FFFFFF\u00bb form_field_text_color=\u00bb#2B2B2B\u00bb form_field_focus_background_color=\u00bb#FFFFFF\u00bb form_field_focus_text_color=\u00bb#2B2B2B\u00bb custom_button=\u00bbon\u00bb button_text_size=\u00bb20px\u00bb button_text_color=\u00bb#FFFFFF\u00bb button_bg_color=\u00bb#2B2B2B\u00bb button_font=\u00bb||||||||\u00bb button_icon=\u00bb&#xf101;||fa||900&#8243; hover_enabled=\u00bb0&#8243; border_radii=\u00bbon|8px|8px|8px|8px\u00bb border_width_all=\u00bb1px\u00bb border_color_all=\u00bb#2B2B2B\u00bb global_colors_info=\u00bb{}\u00bb button_bg_color__hover_enabled=\u00bbon|hover\u00bb button_bg_color__hover=\u00bb#24C7C9&#8243; button_bg_enable_color__hover=\u00bbon\u00bb sticky_enabled=\u00bb0&#8243;][et_pb_contact_field field_id=\u00bbNombre\u00bb field_title=\u00bbNombre*\u00bb _builder_version=\u00bb4.17.4&#8243; _module_preset=\u00bbdefault\u00bb global_colors_info=\u00bb{}\u00bb][\/et_pb_contact_field][et_pb_contact_field field_id=\u00bbApellidos\u00bb field_title=\u00bbApellidos*\u00bb _builder_version=\u00bb4.17.4&#8243; _module_preset=\u00bbdefault\u00bb global_colors_info=\u00bb{}\u00bb][\/et_pb_contact_field][et_pb_contact_field field_id=\u00bbEmail\u00bb field_title=\u00bbEmail*\u00bb field_type=\u00bbemail\u00bb _builder_version=\u00bb4.17.4&#8243; _module_preset=\u00bbdefault\u00bb global_colors_info=\u00bb{}\u00bb][\/et_pb_contact_field][et_pb_contact_field field_id=\u00bbTel\u00e9fono\u00bb field_title=\u00bbTel\u00e9fono*\u00bb allowed_symbols=\u00bbnumbers\u00bb _builder_version=\u00bb4.17.4&#8243; _module_preset=\u00bbdefault\u00bb global_colors_info=\u00bb{}\u00bb][\/et_pb_contact_field][et_pb_contact_field field_id=\u00bbMotivo\u00bb field_title=\u00bbSeleccione el tipo de comunicaci\u00f3n que m\u00e1s se adecue a su situaci\u00f3n:\u00bb field_type=\u00bbradio\u00bb radio_options=\u00bb%91{%22value%22:%22Empresas del sector del buceo recreativo.%22,%22checked%22:0,%22dragID%22:-1},{%22value%22:%22Otras empresas relacionadas al sector tur\u00edstico.%22,%22checked%22:0,%22dragID%22:0},{%22value%22:%22Colegios, institutos u otras instituciones educativas.%22,%22checked%22:0,%22dragID%22:1},{%22value%22:%22Cofrad\u00edas de pescadores.%22,%22checked%22:0,%22dragID%22:2},{%22value%22:%22Prensa.%22,%22checked%22:0,%22dragID%22:3},{%22value%22:%22Otro tipo de comunicaci\u00f3n.%22,%22checked%22:0,%22dragID%22:4}%93&#8243; required_mark=\u00bboff\u00bb fullwidth_field=\u00bbon\u00bb _builder_version=\u00bb4.17.4&#8243; _module_preset=\u00bbdefault\u00bb global_colors_info=\u00bb{}\u00bb][\/et_pb_contact_field][et_pb_contact_field field_id=\u00bbMensaje\u00bb field_title=\u00bbCu\u00e9ntanos m\u00e1s&#8230;\u00bb field_type=\u00bbtext\u00bb required_mark=\u00bboff\u00bb fullwidth_field=\u00bbon\u00bb _builder_version=\u00bb4.17.4&#8243; _module_preset=\u00bbdefault\u00bb global_colors_info=\u00bb{}\u00bb][\/et_pb_contact_field][et_pb_contact_field field_id=\u00bbPrivacidad\u00bb field_title=\u00bb  \u00bb field_type=\u00bbcheckbox\u00bb checkbox_options=\u00bb%91{%22value%22:%22Declaro que he le\u00eddo y acepto la %22,%22checked%22:0,%22dragID%22:-1,%22link_text%22:%22Pol\u00edtica de Privacidad.%22,%22link_url%22:%22https:\/\/oceanodecanarias.com\/politica-privacidad\/%22}%93&#8243; fullwidth_field=\u00bbon\u00bb _builder_version=\u00bb4.17.4&#8243; _module_preset=\u00bbdefault\u00bb global_colors_info=\u00bb{}\u00bb][\/et_pb_contact_field][\/et_pb_contact_form][\/et_pb_column][et_pb_column type=\u00bb1_3&#8243; _builder_version=\u00bb4.17.4&#8243; _module_preset=\u00bbdefault\u00bb background_color=\u00bb#2B2B2B\u00bb custom_padding=\u00bb40px|30px|40px|30px|true|true\u00bb border_radii=\u00bbon|12px|12px|12px|12px\u00bb global_colors_info=\u00bb{}\u00bb][et_pb_text _builder_version=\u00bb4.17.4&#8243; _module_preset=\u00bbdefault\u00bb text_font=\u00bb|800||on|||||\u00bb text_text_color=\u00bb#24C7C9&#8243; text_font_size=\u00bb32px\u00bb custom_margin=\u00bb||30px||false|false\u00bb text_font_size_tablet=\u00bb32px\u00bb text_font_size_phone=\u00bb28px\u00bb text_font_size_last_edited=\u00bbon|phone\u00bb global_colors_info=\u00bb{}\u00bb]<\/p>\n<p>O si lo prefieres:<\/p>\n<p>[\/et_pb_text][et_pb_blurb use_icon=\u00bbon\u00bb font_icon=\u00bb&#xe076;||divi||400&#8243; icon_color=\u00bb#24C7C9&#8243; icon_placement=\u00bbleft\u00bb _builder_version=\u00bb4.17.4&#8243; _module_preset=\u00bbdefault\u00bb body_font=\u00bb|700|||||||\u00bb body_text_color=\u00bb#FFFFFF\u00bb body_font_size=\u00bb18px\u00bb body_line_height=\u00bb1.8em\u00bb body_link_text_color=\u00bb#FFFFFF\u00bb background_enable_color=\u00bboff\u00bb animation=\u00bboff\u00bb global_colors_info=\u00bb{}\u00bb]<\/p>\n<p><a href=\"mailto:info@oceanodecanarias.com\" target=\"_blank\" rel=\"noopener\">info@oceanodecanarias.com<\/a><\/p>\n<p>[\/et_pb_blurb][et_pb_text _builder_version=\u00bb4.17.4&#8243; _module_preset=\u00bbdefault\u00bb text_font=\u00bb|700|||||||\u00bb text_text_color=\u00bb#FFFFFF\u00bb text_font_size=\u00bb20px\u00bb custom_margin=\u00bb40px||||false|false\u00bb global_colors_info=\u00bb{}\u00bb]<\/p>\n<p>Seguir en medios sociales:<\/p>\n<p>[\/et_pb_text][et_pb_social_media_follow _builder_version=\u00bb4.17.4&#8243; _module_preset=\u00bbdefault\u00bb custom_margin=\u00bb||40px||false|false\u00bb global_colors_info=\u00bb{}\u00bb][et_pb_social_media_follow_network social_network=\u00bbinstagram\u00bb url=\u00bbhttps:\/\/instagram.com\/oceanodecanarias\/\u00bb _builder_version=\u00bb4.17.4&#8243; _module_preset=\u00bbdefault\u00bb background_color=\u00bb#24C7C9&#8243; background_enable_color=\u00bbon\u00bb global_colors_info=\u00bb{}\u00bb follow_button=\u00bboff\u00bb url_new_window=\u00bbon\u00bb]instagram[\/et_pb_social_media_follow_network][\/et_pb_social_media_follow][et_pb_text _builder_version=\u00bb4.17.4&#8243; _module_preset=\u00bbdefault\u00bb text_font=\u00bb|600|||||||\u00bb text_text_color=\u00bb#FFFFFF\u00bb text_font_size=\u00bb22px\u00bb header_5_font=\u00bb|700|||||||\u00bb header_5_text_color=\u00bb#24C7C9&#8243; header_5_font_size=\u00bb46px\u00bb text_font_size_tablet=\u00bb22px\u00bb text_font_size_phone=\u00bb18px\u00bb text_font_size_last_edited=\u00bbon|phone\u00bb global_colors_info=\u00bb{}\u00bb]<\/p>\n<p>\u00bfQuieres colaborar con el proyecto <span style=\"font-size: x-large;\"><strong>Oc\u00e9ano de Canarias<\/strong><\/span>?<\/p>\n<h5>\u00a1COLABORA!<\/h5>\n<p>[\/et_pb_text][et_pb_button button_url=\u00bbhttps:\/\/www.paypal.com\/donate\/?hosted_button_id=2RZGZ4BS7SS3C\u00bb url_new_window=\u00bbon\u00bb button_text=\u00bbhaz tu donaci\u00f3n\u00bb _builder_version=\u00bb4.17.4&#8243; _module_preset=\u00bbdefault\u00bb custom_button=\u00bbon\u00bb button_text_color=\u00bb#ffffff\u00bb button_bg_color=\u00bb#e22828&#8243; button_icon=\u00bb&#xe089;||divi||400&#8243; button_on_hover=\u00bboff\u00bb transform_scale_tablet=\u00bb\u00bb transform_scale_phone=\u00bb\u00bb transform_scale_last_edited=\u00bbon|desktop\u00bb transform_translate_tablet=\u00bb\u00bb transform_translate_phone=\u00bb\u00bb transform_translate_last_edited=\u00bbon|desktop\u00bb transform_rotate_tablet=\u00bb\u00bb transform_rotate_phone=\u00bb\u00bb transform_rotate_last_edited=\u00bbon|desktop\u00bb transform_skew_tablet=\u00bb\u00bb transform_skew_phone=\u00bb\u00bb transform_skew_last_edited=\u00bbon|desktop\u00bb transform_origin_tablet=\u00bb\u00bb transform_origin_phone=\u00bb\u00bb transform_origin_last_edited=\u00bbon|desktop\u00bb transform_styles_last_edited=\u00bbon|desktop\u00bb transform_styles_tablet=\u00bb\u00bb transform_styles_phone=\u00bb\u00bb global_colors_info=\u00bb{}\u00bb transform_styles__hover_enabled=\u00bbon|hover\u00bb transform_scale__hover_enabled=\u00bbon|hover\u00bb transform_translate__hover_enabled=\u00bbon|desktop\u00bb transform_rotate__hover_enabled=\u00bbon|desktop\u00bb transform_skew__hover_enabled=\u00bbon|desktop\u00bb transform_origin__hover_enabled=\u00bbon|desktop\u00bb transform_scale__hover=\u00bb102%|102%\u00bb][\/et_pb_button][et_pb_image src=\u00bbhttps:\/\/oceanodecanarias.com\/wp-content\/uploads\/2022\/05\/cropped-faviconnew.png\u00bb title_text=\u00bbcropped-faviconnew.png\u00bb _builder_version=\u00bb4.17.4&#8243; _module_preset=\u00bbdefault\u00bb width=\u00bb50%\u00bb width_tablet=\u00bb40%\u00bb width_phone=\u00bb42%\u00bb width_last_edited=\u00bbon|phone\u00bb module_alignment=\u00bbcenter\u00bb global_colors_info=\u00bb{}\u00bb][\/et_pb_image][\/et_pb_column][\/et_pb_row][\/et_pb_section]<\/p>\n","protected":false},"excerpt":{"rendered":"<p>Contacto Rellenando este formulario podr\u00e1s ponerte en contacto con nuestra organizaci\u00f3n con el objetivo de informarte sobre nuestras acciones, concertar sesiones formativas en tu empresa, centro escolar, cofrad\u00eda de pescadores, etc. Puedes utilizarlo tambi\u00e9n para cualquier otro tipo de comunicaci\u00f3n.O si lo prefieres:info@oceanodecanarias.comSeguir en medios sociales:\u00bfQuieres colaborar con el proyecto Oc\u00e9ano de Canarias? \u00a1COLABORA!<\/p>\n","protected":false},"author":3,"featured_media":0,"parent":0,"menu_order":0,"comment_status":"closed","ping_status":"closed","template":"","meta":{"_acf_changed":false,"_et_pb_use_builder":"on","_et_pb_old_content":"<!-- wp:divi\/placeholder \/-->","_et_gb_content_width":"","footnotes":""},"class_list":["post-22","page","type-page","status-publish","hentry"],"acf":[],"_links":{"self":[{"href":"https:\/\/oceanodecanarias.com\/index.php?rest_route=\/wp\/v2\/pages\/22","targetHints":{"allow":["GET"]}}],"collection":[{"href":"https:\/\/oceanodecanarias.com\/index.php?rest_route=\/wp\/v2\/pages"}],"about":[{"href":"https:\/\/oceanodecanarias.com\/index.php?rest_route=\/wp\/v2\/types\/page"}],"author":[{"embeddable":true,"href":"https:\/\/oceanodecanarias.com\/index.php?rest_route=\/wp\/v2\/users\/3"}],"replies":[{"embeddable":true,"href":"https:\/\/oceanodecanarias.com\/index.php?rest_route=%2Fwp%2Fv2%2Fcomments&post=22"}],"version-history":[{"count":7,"href":"https:\/\/oceanodecanarias.com\/index.php?rest_route=\/wp\/v2\/pages\/22\/revisions"}],"predecessor-version":[{"id":1260,"href":"https:\/\/oceanodecanarias.com\/index.php?rest_route=\/wp\/v2\/pages\/22\/revisions\/1260"}],"wp:attachment":[{"href":"https:\/\/oceanodecanarias.com\/index.php?rest_route=%2Fwp%2Fv2%2Fmedia&parent=22"}],"curies":[{"name":"wp","href":"https:\/\/api.w.org\/{rel}","templated":true}]}}