{"id":20,"date":"2022-05-05T11:51:48","date_gmt":"2022-05-05T11:51:48","guid":{"rendered":"https:\/\/oceanodecanarias.com\/?page_id=20"},"modified":"2023-03-07T10:28:47","modified_gmt":"2023-03-07T10:28:47","slug":"blog","status":"publish","type":"page","link":"https:\/\/oceanodecanarias.com\/?page_id=20","title":{"rendered":"Blog"},"content":{"rendered":"<p>[et_pb_section fb_built=\u00bb1&#8243; _builder_version=\u00bb4.18.0&#8243; _module_preset=\u00bbdefault\u00bb background_color=\u00bb#2B2B2B\u00bb background_enable_mask_style=\u00bbon\u00bb background_mask_style=\u00bbdiagonal-bars\u00bb background_mask_color=\u00bb#606060&#8243; background_mask_transform=\u00bbinvert\u00bb custom_padding=\u00bb40px||40px||true|false\u00bb global_colors_info=\u00bb{}\u00bb][et_pb_row column_structure=\u00bb3_5,2_5&#8243; _builder_version=\u00bb4.18.0&#8243; _module_preset=\u00bbdefault\u00bb global_colors_info=\u00bb{}\u00bb][et_pb_column type=\u00bb3_5&#8243; _builder_version=\u00bb4.18.0&#8243; _module_preset=\u00bbdefault\u00bb global_colors_info=\u00bb{}\u00bb][et_pb_text _builder_version=\u00bb4.18.0&#8243; _module_preset=\u00bbdefault\u00bb header_text_color=\u00bb#FFFFFF\u00bb header_font_size=\u00bb46px\u00bb header_font_size_tablet=\u00bb42px\u00bb header_font_size_phone=\u00bb34px\u00bb header_font_size_last_edited=\u00bbon|phone\u00bb global_colors_info=\u00bb{}\u00bb]<\/p>\n<h1>El blog de Oc\u00e9ano de Canarias<\/h1>\n<p>[\/et_pb_text][\/et_pb_column][et_pb_column type=\u00bb2_5&#8243; _builder_version=\u00bb4.18.0&#8243; _module_preset=\u00bbdefault\u00bb global_colors_info=\u00bb{}\u00bb][et_pb_search placeholder=\u00bbBuscar aqu\u00ed&#8230;\u00bb button_color=\u00bb#FFFFFF\u00bb _builder_version=\u00bb4.18.0&#8243; _module_preset=\u00bbdefault\u00bb button_font=\u00bb|600|||||||\u00bb button_text_color=\u00bb#0C71C3&#8243; button_font_size=\u00bb16px\u00bb background_color=\u00bb#CCCCCC\u00bb width=\u00bb420px\u00bb width_tablet=\u00bb420px\u00bb width_phone=\u00bb100%\u00bb width_last_edited=\u00bbon|phone\u00bb module_alignment=\u00bbcenter\u00bb border_radii=\u00bbon|0px|0px|0px|0px\u00bb border_width_all=\u00bb3px\u00bb border_color_all=\u00bb#FFFFFF\u00bb global_colors_info=\u00bb{}\u00bb][\/et_pb_search][\/et_pb_column][\/et_pb_row][et_pb_row column_structure=\u00bb1_4,1_4,1_4,1_4&#8243; use_custom_gutter=\u00bbon\u00bb gutter_width=\u00bb1&#8243; _builder_version=\u00bb4.18.0&#8243; _module_preset=\u00bbdefault\u00bb global_colors_info=\u00bb{}\u00bb][et_pb_column type=\u00bb1_4&#8243; _builder_version=\u00bb4.18.0&#8243; _module_preset=\u00bbdefault\u00bb global_colors_info=\u00bb{}\u00bb][et_pb_text _builder_version=\u00bb4.18.0&#8243; _module_preset=\u00bbdefault\u00bb text_font=\u00bb|600||on|||||\u00bb text_text_color=\u00bb#FFFFFF\u00bb text_orientation=\u00bbcenter\u00bb custom_padding=\u00bb20px|10px|20px|10px|true|true\u00bb link_option_url=\u00bbhttps:\/\/oceanodecanarias.com\/category\/biodiversidad-marina\/\u00bb border_width_all=\u00bb2px\u00bb border_color_all=\u00bbrgba(255,255,255,0.8)\u00bb global_colors_info=\u00bb{}\u00bb background__hover_enabled=\u00bbon|hover\u00bb background_color__hover=\u00bb#FFFFFF\u00bb background_enable_color__hover=\u00bbon\u00bb text_text_color__hover_enabled=\u00bbon|hover\u00bb text_text_color__hover=\u00bb#2B2B2B\u00bb]<\/p>\n<p>Biodiversidad marina<\/p>\n<p>[\/et_pb_text][\/et_pb_column][et_pb_column type=\u00bb1_4&#8243; _builder_version=\u00bb4.18.0&#8243; _module_preset=\u00bbdefault\u00bb global_colors_info=\u00bb{}\u00bb][et_pb_text _builder_version=\u00bb4.18.0&#8243; _module_preset=\u00bbdefault\u00bb text_font=\u00bb|600||on|||||\u00bb text_text_color=\u00bb#FFFFFF\u00bb text_orientation=\u00bbcenter\u00bb custom_padding=\u00bb20px|10px|20px|10px|true|true\u00bb link_option_url=\u00bbhttps:\/\/oceanodecanarias.com\/category\/conservacion\/\u00bb border_width_all=\u00bb2px\u00bb border_color_all=\u00bbrgba(255,255,255,0.8)\u00bb global_colors_info=\u00bb{}\u00bb background__hover_enabled=\u00bbon|hover\u00bb background_color__hover=\u00bb#FFFFFF\u00bb background_enable_color__hover=\u00bbon\u00bb text_text_color__hover_enabled=\u00bbon|hover\u00bb text_text_color__hover=\u00bb#2B2B2B\u00bb]<\/p>\n<p>Conservaci\u00f3n<\/p>\n<p>[\/et_pb_text][\/et_pb_column][et_pb_column type=\u00bb1_4&#8243; _builder_version=\u00bb4.18.0&#8243; _module_preset=\u00bbdefault\u00bb global_colors_info=\u00bb{}\u00bb][\/et_pb_column][et_pb_column type=\u00bb1_4&#8243; _builder_version=\u00bb4.18.0&#8243; _module_preset=\u00bbdefault\u00bb global_colors_info=\u00bb{}\u00bb][\/et_pb_column][\/et_pb_row][\/et_pb_section][et_pb_section fb_built=\u00bb1&#8243; specialty=\u00bbon\u00bb padding_top_bottom_link_2=\u00bbfalse\u00bb padding_left_right_link_2=\u00bbfalse\u00bb padding_2_tablet=\u00bb0px||||false|false\u00bb padding_2_phone=\u00bb\u00bb padding_2_last_edited=\u00bbon|tablet\u00bb module_id=\u00bbultimopost\u00bb _builder_version=\u00bb4.18.0&#8243; _module_preset=\u00bbdefault\u00bb background_color=\u00bbrgba(36,199,201,0.1)\u00bb custom_margin=\u00bb||0px||false|false\u00bb custom_margin_tablet=\u00bb0px||||false|false\u00bb custom_margin_phone=\u00bb\u00bb custom_margin_last_edited=\u00bbon|phone\u00bb custom_padding=\u00bb||0px||false|false\u00bb global_colors_info=\u00bb{}\u00bb][et_pb_column type=\u00bb1_2&#8243; specialty_columns=\u00bb2&#8243; _builder_version=\u00bb4.16&#8243; custom_padding=\u00bb|||\u00bb global_colors_info=\u00bb{}\u00bb custom_padding__hover=\u00bb|||\u00bb][et_pb_row_inner _builder_version=\u00bb4.16&#8243; _module_preset=\u00bbdefault\u00bb custom_margin=\u00bb0px||0px||true|false\u00bb custom_padding=\u00bb50px||0px|||\u00bb global_colors_info=\u00bb{}\u00bb][et_pb_column_inner saved_specialty_column_type=\u00bb1_2&#8243; _builder_version=\u00bb4.16&#8243; _module_preset=\u00bbdefault\u00bb global_colors_info=\u00bb{}\u00bb][et_pb_social_media_follow _builder_version=\u00bb4.18.0&#8243; _module_preset=\u00bbdefault\u00bb positioning=\u00bbabsolute\u00bb vertical_offset=\u00bb60px\u00bb position_origin_a_tablet=\u00bb\u00bb position_origin_a_phone=\u00bb\u00bb position_origin_a_last_edited=\u00bbon|phone\u00bb position_origin_f_tablet=\u00bb\u00bb position_origin_f_phone=\u00bb\u00bb position_origin_f_last_edited=\u00bbon|phone\u00bb position_origin_r_tablet=\u00bb\u00bb position_origin_r_phone=\u00bb\u00bb position_origin_r_last_edited=\u00bbon|phone\u00bb text_orientation=\u00bbleft\u00bb width=\u00bb60%\u00bb width_tablet=\u00bb40%\u00bb width_phone=\u00bb60%\u00bb width_last_edited=\u00bbon|tablet\u00bb max_width=\u00bb60%\u00bb min_height=\u00bb41px\u00bb custom_margin=\u00bb||||false|false\u00bb custom_margin_tablet=\u00bb|||25%|false|false\u00bb custom_margin_phone=\u00bb|||35%|false|false\u00bb custom_margin_last_edited=\u00bbon|desktop\u00bb positioning_tablet=\u00bb\u00bb positioning_phone=\u00bbabsolute\u00bb positioning_last_edited=\u00bbon|desktop\u00bb text_orientation_tablet=\u00bbleft\u00bb text_orientation_phone=\u00bbleft\u00bb text_orientation_last_edited=\u00bbon|tablet\u00bb custom_css_main_element=\u00bbmargin-left:20%;\u00bb global_colors_info=\u00bb{}\u00bb][\/et_pb_social_media_follow][et_pb_text _builder_version=\u00bb4.18.0&#8243; _module_preset=\u00bbdefault\u00bb text_font=\u00bb|700|||||||\u00bb text_text_color=\u00bb#3D3D3D\u00bb custom_margin=\u00bb||10px||false|false\u00bb text_font_size_tablet=\u00bb\u00bb text_font_size_phone=\u00bb14px\u00bb text_font_size_last_edited=\u00bbon|phone\u00bb global_colors_info=\u00bb{}\u00bb]<\/p>\n<p>NUESTRO \u00daLTIMO POST <strong>&gt;&gt;&gt;<\/strong><\/p>\n<p>[\/et_pb_text][et_pb_blog posts_number=\u00bb1&#8243; include_categories=\u00bball\u00bb show_thumbnail=\u00bboff\u00bb excerpt_length=\u00bb320&#8243; show_more=\u00bbon\u00bb show_pagination=\u00bboff\u00bb _builder_version=\u00bb4.20.1&#8243; _module_preset=\u00bbdefault\u00bb header_level=\u00bbh4&#8243; header_font=\u00bb|700|||||||\u00bb header_text_color=\u00bb#014476&#8243; header_font_size=\u00bb28px\u00bb body_text_color=\u00bb#000000&#8243; meta_font_size=\u00bb12px\u00bb read_more_font=\u00bb|||on|||||\u00bb read_more_text_color=\u00bb#FFFFFF\u00bb custom_margin=\u00bb||0px||false|false\u00bb custom_padding=\u00bb||0px||false|false\u00bb header_font_size_tablet=\u00bb24px\u00bb header_font_size_phone=\u00bb20px\u00bb header_font_size_last_edited=\u00bbon|phone\u00bb body_font_size_tablet=\u00bb\u00bb body_font_size_phone=\u00bb13px\u00bb body_font_size_last_edited=\u00bbon|phone\u00bb meta_font_size_tablet=\u00bb\u00bb meta_font_size_phone=\u00bb10px\u00bb meta_font_size_last_edited=\u00bbon|phone\u00bb custom_css_read_more=\u00bb  background-color: #004475;||  color: #fff!important;||  border: 2px solid #004475;||  border-radius: 5px;||  padding: 10px 20px;||  font-size: 16px;||  font-weight: bold;||  display: flex;||  justify-content: center;\u00bb global_colors_info=\u00bb{}\u00bb custom_css_read_more__hover_enabled=\u00bbon|hover\u00bb custom_css_read_more__hover=\u00bb  background-color: #0077c0;||  color: #ffffff;||  border: 2px solid #0077c0;||  cursor: pointer;\u00bb][\/et_pb_blog][\/et_pb_column_inner][\/et_pb_row_inner][\/et_pb_column][et_pb_column type=\u00bb1_2&#8243; _builder_version=\u00bb4.16&#8243; custom_padding=\u00bb|||\u00bb global_colors_info=\u00bb{}\u00bb custom_padding__hover=\u00bb|||\u00bb][et_pb_blog posts_number=\u00bb1&#8243; include_categories=\u00bball\u00bb use_manual_excerpt=\u00bboff\u00bb excerpt_length=\u00bb0&#8243; show_author=\u00bboff\u00bb show_date=\u00bboff\u00bb show_categories=\u00bboff\u00bb show_excerpt=\u00bboff\u00bb show_pagination=\u00bboff\u00bb _builder_version=\u00bb4.16&#8243; _module_preset=\u00bbdefault\u00bb header_font_size=\u00bb0px\u00bb background_color=\u00bbRGBA(0,0,0,0)\u00bb position_origin_a=\u00bbcenter_right\u00bb position_origin_r=\u00bbbottom_right\u00bb vertical_offset=\u00bb0px\u00bb position_origin_a_tablet=\u00bb\u00bb position_origin_a_phone=\u00bb\u00bb position_origin_a_last_edited=\u00bbon|desktop\u00bb position_origin_f_tablet=\u00bb\u00bb position_origin_f_phone=\u00bb\u00bb position_origin_f_last_edited=\u00bbon|desktop\u00bb position_origin_r_tablet=\u00bb\u00bb position_origin_r_phone=\u00bb\u00bb position_origin_r_last_edited=\u00bbon|desktop\u00bb width=\u00bb100%\u00bb custom_margin_tablet=\u00bb\u00bb custom_margin_phone=\u00bb-60px||||false|false\u00bb custom_margin_last_edited=\u00bbon|phone\u00bb positioning_tablet=\u00bb\u00bb positioning_phone=\u00bb\u00bb positioning_last_edited=\u00bbon|desktop\u00bb border_radii_image=\u00bbon|12px|12px|12px|12px\u00bb border_width_all_image=\u00bb1px\u00bb border_color_all_image=\u00bb#CECECE\u00bb global_colors_info=\u00bb{}\u00bb][\/et_pb_blog][\/et_pb_column][\/et_pb_section][et_pb_section fb_built=\u00bb1&#8243; _builder_version=\u00bb4.18.0&#8243; _module_preset=\u00bbdefault\u00bb background_color=\u00bb#014476&#8243; background_enable_pattern_style=\u00bbon\u00bb background_pattern_style=\u00bbogees\u00bb background_pattern_color=\u00bbrgba(0,138,226,0.1)\u00bb custom_padding=\u00bb30px||||false|false\u00bb global_colors_info=\u00bb{}\u00bb][et_pb_row _builder_version=\u00bb4.16&#8243; _module_preset=\u00bbdefault\u00bb custom_margin=\u00bb||||false|false\u00bb custom_padding=\u00bb30px||0px||false|false\u00bb global_colors_info=\u00bb{}\u00bb][et_pb_column type=\u00bb4_4&#8243; _builder_version=\u00bb4.16&#8243; _module_preset=\u00bbdefault\u00bb global_colors_info=\u00bb{}\u00bb][et_pb_text _builder_version=\u00bb4.18.0&#8243; _module_preset=\u00bbdefault\u00bb header_2_text_color=\u00bb#FFFFFF\u00bb header_2_font_size=\u00bb24px\u00bb custom_margin=\u00bb||0px|||\u00bb header_2_font_size_tablet=\u00bb24px\u00bb header_2_font_size_phone=\u00bb20px\u00bb header_2_font_size_last_edited=\u00bbon|phone\u00bb global_colors_info=\u00bb{}\u00bb]<\/p>\n<h2>Descubre todos nuestros art\u00edculos:<\/h2>\n<p>[\/et_pb_text][et_pb_divider color=\u00bb#FFFFFF\u00bb divider_weight=\u00bb3px\u00bb _builder_version=\u00bb4.18.0&#8243; _module_preset=\u00bbdefault\u00bb width=\u00bb30%\u00bb max_width=\u00bb30%\u00bb module_alignment=\u00bbleft\u00bb global_colors_info=\u00bb{}\u00bb][\/et_pb_divider][\/et_pb_column][\/et_pb_row][et_pb_row use_custom_gutter=\u00bbon\u00bb gutter_width=\u00bb2&#8243; make_equal=\u00bbon\u00bb _builder_version=\u00bb4.20.1&#8243; _module_preset=\u00bbdefault\u00bb global_colors_info=\u00bb{}\u00bb][et_pb_column type=\u00bb4_4&#8243; _builder_version=\u00bb4.16&#8243; _module_preset=\u00bbdefault\u00bb global_colors_info=\u00bb{}\u00bb][et_pb_blog fullwidth=\u00bboff\u00bb posts_number=\u00bb9&#8243; include_categories=\u00bball\u00bb use_manual_excerpt=\u00bboff\u00bb excerpt_length=\u00bb120&#8243; show_more=\u00bbon\u00bb show_pagination=\u00bboff\u00bb offset_number=\u00bb1&#8243; masonry_tile_background_color=\u00bb#FFFFFF\u00bb module_class=\u00bbet_blog_grid_equal_height\u00bb _builder_version=\u00bb4.20.1&#8243; _module_preset=\u00bbdefault\u00bb header_text_color=\u00bb#014476&#8243; header_font_size=\u00bb20px\u00bb body_text_color=\u00bb#3D3D3D\u00bb meta_text_color=\u00bb#9b9b9b\u00bb meta_font_size=\u00bb12px\u00bb read_more_font=\u00bb|600||on|||||\u00bb read_more_text_color=\u00bb#FFFFFF\u00bb read_more_font_size=\u00bb16px\u00bb hover_enabled=\u00bb0&#8243; header_font_size_tablet=\u00bb18px\u00bb header_font_size_phone=\u00bb18px\u00bb header_font_size_last_edited=\u00bbon|tablet\u00bb meta_font_size_tablet=\u00bb10px\u00bb meta_font_size_phone=\u00bb\u00bb meta_font_size_last_edited=\u00bbon|phone\u00bb read_more_font_size_tablet=\u00bb16px\u00bb read_more_font_size_phone=\u00bb14px\u00bb read_more_font_size_last_edited=\u00bbon|phone\u00bb custom_css_read_more=\u00bb  background-color: #004475;||  color: #fff!important;||  border: 2px solid #004475;||  border-radius: 5px;||  padding: 10px 20px;||  font-size: 16px;||  font-weight: bold;||  transition: all 0.3s ease-in-out;||  width: 100%;||  display: flex;||  justify-content: center;\u00bb border_radii=\u00bbon|12px|12px|12px|12px\u00bb border_color_all=\u00bb#CECECE\u00bb border_width_right=\u00bb1px\u00bb border_width_bottom=\u00bb1px\u00bb border_width_left=\u00bb1px\u00bb border_radii_image=\u00bboff|12px|12px||\u00bb box_shadow_style=\u00bbpreset1&#8243; box_shadow_horizontal=\u00bb6px\u00bb box_shadow_vertical=\u00bb6px\u00bb box_shadow_blur=\u00bb12px\u00bb box_shadow_spread=\u00bb2px\u00bb global_colors_info=\u00bb{}\u00bb transform_styles__hover_enabled=\u00bbon|hover\u00bb transform_scale__hover_enabled=\u00bbon|hover\u00bb transform_translate__hover_enabled=\u00bbon|desktop\u00bb transform_rotate__hover_enabled=\u00bbon|desktop\u00bb transform_skew__hover_enabled=\u00bbon|desktop\u00bb transform_origin__hover_enabled=\u00bbon|desktop\u00bb custom_css_read_more__hover_enabled=\u00bbon|hover\u00bb custom_css_read_more__hover=\u00bb  background-color: #0077c0;||  color: #ffffff;||  border: 2px solid #0077c0;||  cursor: pointer;\u00bb sticky_enabled=\u00bb0&#8243;][\/et_pb_blog][et_pb_code _builder_version=\u00bb4.18.0&#8243; _module_preset=\u00bbdefault\u00bb global_colors_info=\u00bb{}\u00bb]<script><!-- [et_pb_line_break_holder] -->(function($) {<!-- [et_pb_line_break_holder] -->    $(document).ready(function() {<!-- [et_pb_line_break_holder] -->        $(window).resize(function() {<!-- [et_pb_line_break_holder] -->            $('.et_blog_grid_equal_height').each(function() {<!-- [et_pb_line_break_holder] -->                equalise_articles($(this));<!-- [et_pb_line_break_holder] -->            });<!-- [et_pb_line_break_holder] -->        });<!-- [et_pb_line_break_holder] --><!-- [et_pb_line_break_holder] -->        $('.et_blog_grid_equal_height').each(function() {<!-- [et_pb_line_break_holder] -->            var blog = $(this);<!-- [et_pb_line_break_holder] --><!-- [et_pb_line_break_holder] -->            equalise_articles($(this));<!-- [et_pb_line_break_holder] --><!-- [et_pb_line_break_holder] -->            var observer = new MutationObserver(function(mutations) {<!-- [et_pb_line_break_holder] -->                equalise_articles(blog);<!-- [et_pb_line_break_holder] -->            });<!-- [et_pb_line_break_holder] -->            <!-- [et_pb_line_break_holder] -->            var config = {<!-- [et_pb_line_break_holder] -->                subtree: true,<!-- [et_pb_line_break_holder] -->                childList: true <!-- [et_pb_line_break_holder] -->            };<!-- [et_pb_line_break_holder] --><!-- [et_pb_line_break_holder] -->            observer.observe(blog[0], config);<!-- [et_pb_line_break_holder] -->        });<!-- [et_pb_line_break_holder] --><!-- [et_pb_line_break_holder] -->        function equalise_articles(blog) {<!-- [et_pb_line_break_holder] -->            var articles = blog.find('article');<!-- [et_pb_line_break_holder] -->            var heights = [];<!-- [et_pb_line_break_holder] -->            <!-- [et_pb_line_break_holder] -->            articles.each(function() {<!-- [et_pb_line_break_holder] -->                var height = 0;<!-- [et_pb_line_break_holder] -->                height += $(this).find('.et_pb_image_container, .et_main_video_container').outerHeight(true);<!-- [et_pb_line_break_holder] -->                height += $(this).find('.entry-title').outerHeight(true);<!-- [et_pb_line_break_holder] -->                height += $(this).find('.post-meta').outerHeight(true); <!-- [et_pb_line_break_holder] -->                height += $(this).find('.post-content').outerHeight(true);    <!-- [et_pb_line_break_holder] --><!-- [et_pb_line_break_holder] -->                heights.push(height);<!-- [et_pb_line_break_holder] -->            });<!-- [et_pb_line_break_holder] --><!-- [et_pb_line_break_holder] -->            var max_height = Math.max.apply(Math,heights); <!-- [et_pb_line_break_holder] --><!-- [et_pb_line_break_holder] -->            articles.each(function() {<!-- [et_pb_line_break_holder] -->                $(this).height(max_height);<!-- [et_pb_line_break_holder] -->            });<!-- [et_pb_line_break_holder] -->        }<!-- [et_pb_line_break_holder] --><!-- [et_pb_line_break_holder] -->        $(document).ajaxComplete(function() {<!-- [et_pb_line_break_holder] -->            $('.et_blog_grid_equal_height').imagesLoaded().then(function() {<!-- [et_pb_line_break_holder] -->                $('.et_blog_grid_equal_height').each(function(){<!-- [et_pb_line_break_holder] -->                    equalise_articles($(this));<!-- [et_pb_line_break_holder] -->                });<!-- [et_pb_line_break_holder] -->            });<!-- [et_pb_line_break_holder] -->        });<!-- [et_pb_line_break_holder] --><!-- [et_pb_line_break_holder] -->        $.fn.imagesLoaded = function() {<!-- [et_pb_line_break_holder] -->            var $imgs = this.find('img[src!=\"\"]');<!-- [et_pb_line_break_holder] -->            var dfds = [];<!-- [et_pb_line_break_holder] --><!-- [et_pb_line_break_holder] -->            if (!$imgs.length) {<!-- [et_pb_line_break_holder] -->                return $.Deferred().resolve().promise();<!-- [et_pb_line_break_holder] -->            }            <!-- [et_pb_line_break_holder] --><!-- [et_pb_line_break_holder] -->            $imgs.each(function(){<!-- [et_pb_line_break_holder] -->                var dfd = $.Deferred();<!-- [et_pb_line_break_holder] -->                dfds.push(dfd);<!-- [et_pb_line_break_holder] -->                var img = new Image();<!-- [et_pb_line_break_holder] --><!-- [et_pb_line_break_holder] -->                img.onload = function() {<!-- [et_pb_line_break_holder] -->                    dfd.resolve();<!-- [et_pb_line_break_holder] -->                };<!-- [et_pb_line_break_holder] --><!-- [et_pb_line_break_holder] -->                img.onerror = function() {<!-- [et_pb_line_break_holder] -->                    dfd.resolve(); <!-- [et_pb_line_break_holder] -->                };<!-- [et_pb_line_break_holder] --><!-- [et_pb_line_break_holder] -->                img.src = this.src;<!-- [et_pb_line_break_holder] -->            });<!-- [et_pb_line_break_holder] --><!-- [et_pb_line_break_holder] -->            return $.when.apply($, dfds);<!-- [et_pb_line_break_holder] -->        }<!-- [et_pb_line_break_holder] -->    });<!-- [et_pb_line_break_holder] -->})(jQuery);<!-- [et_pb_line_break_holder] --><\/script>[\/et_pb_code][\/et_pb_column][\/et_pb_row][\/et_pb_section]<\/p>\n","protected":false},"excerpt":{"rendered":"<p>El blog de Oc\u00e9ano de CanariasBiodiversidad marinaConservaci\u00f3nNUESTRO \u00daLTIMO POST &gt;&gt;&gt;Descubre todos nuestros art\u00edculos:<\/p>\n","protected":false},"author":3,"featured_media":0,"parent":0,"menu_order":0,"comment_status":"closed","ping_status":"closed","template":"","meta":{"_acf_changed":false,"_et_pb_use_builder":"on","_et_pb_old_content":"<!-- wp:divi\/placeholder \/-->","_et_gb_content_width":"","footnotes":""},"class_list":["post-20","page","type-page","status-publish","hentry"],"acf":[],"_links":{"self":[{"href":"https:\/\/oceanodecanarias.com\/index.php?rest_route=\/wp\/v2\/pages\/20","targetHints":{"allow":["GET"]}}],"collection":[{"href":"https:\/\/oceanodecanarias.com\/index.php?rest_route=\/wp\/v2\/pages"}],"about":[{"href":"https:\/\/oceanodecanarias.com\/index.php?rest_route=\/wp\/v2\/types\/page"}],"author":[{"embeddable":true,"href":"https:\/\/oceanodecanarias.com\/index.php?rest_route=\/wp\/v2\/users\/3"}],"replies":[{"embeddable":true,"href":"https:\/\/oceanodecanarias.com\/index.php?rest_route=%2Fwp%2Fv2%2Fcomments&post=20"}],"version-history":[{"count":5,"href":"https:\/\/oceanodecanarias.com\/index.php?rest_route=\/wp\/v2\/pages\/20\/revisions"}],"predecessor-version":[{"id":1221,"href":"https:\/\/oceanodecanarias.com\/index.php?rest_route=\/wp\/v2\/pages\/20\/revisions\/1221"}],"wp:attachment":[{"href":"https:\/\/oceanodecanarias.com\/index.php?rest_route=%2Fwp%2Fv2%2Fmedia&parent=20"}],"curies":[{"name":"wp","href":"https:\/\/api.w.org\/{rel}","templated":true}]}}