{"id":16,"date":"2022-05-05T11:47:11","date_gmt":"2022-05-05T11:47:11","guid":{"rendered":"https:\/\/oceanodecanarias.com\/?page_id=16"},"modified":"2024-08-01T07:45:41","modified_gmt":"2024-08-01T06:45:41","slug":"equipo","status":"publish","type":"page","link":"https:\/\/oceanodecanarias.com\/?page_id=16","title":{"rendered":"Equipo"},"content":{"rendered":"<p>[et_pb_section fb_built=\u00bb1&#8243; _builder_version=\u00bb4.17.4&#8243; _module_preset=\u00bbdefault\u00bb background_color=\u00bb#FFFFFF\u00bb background_enable_mask_style=\u00bbon\u00bb background_mask_style=\u00bbcorner-square\u00bb background_mask_color=\u00bb#24C7C9&#8243; background_mask_transform=\u00bbinvert\u00bb custom_padding=\u00bb||0px|||\u00bb background_last_edited=\u00bbon|phone\u00bb background_enable_mask_style_tablet=\u00bboff\u00bb global_colors_info=\u00bb{}\u00bb][et_pb_row column_structure=\u00bb1_2,1_2&#8243; _builder_version=\u00bb4.17.4&#8243; _module_preset=\u00bbdefault\u00bb global_colors_info=\u00bb{}\u00bb][et_pb_column type=\u00bb1_2&#8243; _builder_version=\u00bb4.17.4&#8243; _module_preset=\u00bbdefault\u00bb global_colors_info=\u00bb{}\u00bb][et_pb_text _builder_version=\u00bb4.17.4&#8243; _module_preset=\u00bbdefault\u00bb text_font=\u00bb|300|||||||\u00bb text_text_color=\u00bb#2B2B2B\u00bb text_font_size=\u00bb18px\u00bb header_font_size=\u00bb36px\u00bb global_colors_info=\u00bb{}\u00bb]<\/p>\n<h1>El equipo.<\/h1>\n<p>Oc\u00e9ano de Canarias est\u00e1 formado por cuatro personas con formaci\u00f3n en Biolog\u00eda Marina y docencia en la educaci\u00f3n secundaria obligatoria. Este proyecto, presenta un equipo multidisciplinario, cada integrante presenta un perfil \u00fanico. Nuestr personal docente y ci\u00e9ntifico, tiene experiencia en la conservaci\u00f3n de los ecosistemas marinos, investigaci\u00f3n de cet\u00e1ceos y elasmobranquios costeros, funcionamiento de reservas marinas y talleres educativos.<\/p>\n<p>[\/et_pb_text][et_pb_text _builder_version=\u00bb4.17.4&#8243; _module_preset=\u00bbdefault\u00bb text_font=\u00bb|300|||||||\u00bb text_text_color=\u00bb#2B2B2B\u00bb text_font_size=\u00bb18px\u00bb header_2_text_color=\u00bb#2B2B2B\u00bb header_2_font_size=\u00bb20px\u00bb global_colors_info=\u00bb{}\u00bb]<\/p>\n<h2>Integraci\u00f3n de criterios de igualdaD y car\u00e1cter social<\/h2>\n<div class=\"page\" title=\"Page 6\">\n<div class=\"section\">\n<div class=\"layoutArea\">\n<div class=\"column\">\n<p><span>Q<\/span><span>ueremos asegurar la igualdad de oportunidades desde la creacio\u0301n del grupo de trabajo hasta el pu\u0301blico objetivo que participara\u0301 en las actividades propuestas. Nuestro equipo integra la igualdad de ge\u0301nero ya que esta\u0301 compuesto por un nu\u0301mero igual de mujeres (2) y de hombres (2). Adema\u0301s, de ser un equipo interdisciplinar que mezcla la formacio\u0301n en educacio\u0301n con la cienti\u0301fica, tambie\u0301n tenemos enfoque intercultural, ya que se mezcla el origen canario de Carla y Pablo con el origen alema\u0301n de Henriette y el origen chileno de Miguel. <\/span><\/p>\n<p><span>Este proyecto tiene como objetivo alcanzar la mayor diversidad de poblacio\u0301n posible, para lograrlo, adema\u0301s de talleres educativos, nuestras acciones de divulgacio\u0301n ira\u0301n enfocadas a involucrar a los diferentes sectores que esta\u0301n relacionados con el medio marino. De esta manera conseguiremos unir a diferentes colectivos sociales bajo los mismos objetivos. Estos colectivos incluyen instituciones pu\u0301blicas tomadoras de decisiones, colectivos ligados estrechamente con el ambiente marino, instalaciones urbanas como centros comerciales y pueblos costeros donde la informacio\u0301n de nuestro proyecto encajara\u0301 bastante bien. <\/span><\/p>\n<\/div>\n<\/div>\n<\/div>\n<\/div>\n<p>[\/et_pb_text][\/et_pb_column][et_pb_column type=\u00bb1_2&#8243; _builder_version=\u00bb4.17.4&#8243; _module_preset=\u00bbdefault\u00bb global_colors_info=\u00bb{}\u00bb][et_pb_image src=\u00bbhttps:\/\/oceanodecanarias.com\/wp-content\/uploads\/2022\/05\/buceobarco1.jpg\u00bb title_text=\u00bbbuceobarco1&#8243; _builder_version=\u00bb4.17.4&#8243; _module_preset=\u00bbdefault\u00bb width=\u00bb90%\u00bb module_alignment=\u00bbcenter\u00bb border_radii=\u00bbon|12px|12px|12px|12px\u00bb global_colors_info=\u00bb{}\u00bb][\/et_pb_image][\/et_pb_column][\/et_pb_row][\/et_pb_section][et_pb_section fb_built=\u00bb1&#8243; module_id=\u00bbmiembros\u00bb _builder_version=\u00bb4.17.4&#8243; _module_preset=\u00bbdefault\u00bb background_color=\u00bb#24C7C9&#8243; background_enable_pattern_style=\u00bbon\u00bb background_pattern_style=\u00bbogees\u00bb background_pattern_color=\u00bbrgba(0,0,0,0.03)\u00bb background_pattern_transform=\u00bbinvert\u00bb global_colors_info=\u00bb{}\u00bb][et_pb_row column_structure=\u00bb1_4,1_4,1_4,1_4&#8243; use_custom_gutter=\u00bbon\u00bb gutter_width=\u00bb2&#8243; make_equal=\u00bbon\u00bb _builder_version=\u00bb4.17.4&#8243; _module_preset=\u00bbdefault\u00bb max_width=\u00bb80%\u00bb global_colors_info=\u00bb{}\u00bb][et_pb_column type=\u00bb1_4&#8243; _builder_version=\u00bb4.17.4&#8243; _module_preset=\u00bbdefault\u00bb background_color=\u00bb#FFFFFF\u00bb custom_padding=\u00bb30px||||false|false\u00bb border_radii=\u00bbon|12px|12px|12px|12px\u00bb global_colors_info=\u00bb{}\u00bb][et_pb_text _builder_version=\u00bb4.17.4&#8243; _module_preset=\u00bbdefault\u00bb text_font=\u00bb|300|||||||\u00bb text_font_size=\u00bb14px\u00bb header_4_font=\u00bb|800|on||||||\u00bb header_4_text_color=\u00bb#2B2B2B\u00bb header_4_font_size=\u00bb28px\u00bb width=\u00bb100%\u00bb custom_margin=\u00bb||0px||false|false\u00bb custom_padding=\u00bb|20px||20px|false|true\u00bb global_colors_info=\u00bb{}\u00bb]<\/p>\n<h4>PABLO MART\u00cdN PESTANO<\/h4>\n<p>Bi\u00f3logo Marino y docente de secundaria \/bachillerato con experiencia en el \u00e1mbito de la educaci\u00f3n secundaria, especialista en elasmobranquios, gesti\u00f3n de \u00e1reas marinas protegidas y manejo de recursos pesqueros. Cuenta con experiencia en la divulgaci\u00f3n cient\u00edfica en redes sociales sobre la biodiversidad marina de Canarias.<\/p>\n<p>[\/et_pb_text][et_pb_social_media_follow icon_color=\u00bb#2B2B2B\u00bb use_icon_font_size=\u00bbon\u00bb icon_font_size=\u00bb15px\u00bb _builder_version=\u00bb4.17.4&#8243; _module_preset=\u00bbdefault\u00bb custom_margin=\u00bb||0px||false|false\u00bb custom_padding=\u00bb10px|15px||15px|false|true\u00bb global_colors_info=\u00bb{}\u00bb icon_color__hover_enabled=\u00bbon|hover\u00bb icon_color__hover=\u00bb#24C7C9&#8243;][et_pb_social_media_follow_network social_network=\u00bbinstagram\u00bb url=\u00bbhttps:\/\/instagram.com\/pablo.dive\/\u00bb use_icon_font_size=\u00bbon\u00bb _builder_version=\u00bb4.17.3&#8243; _module_preset=\u00bbdefault\u00bb background_enable_color=\u00bboff\u00bb global_colors_info=\u00bb{}\u00bb follow_button=\u00bboff\u00bb url_new_window=\u00bbon\u00bb]instagram[\/et_pb_social_media_follow_network][et_pb_social_media_follow_network social_network=\u00bbtiktok\u00bb url=\u00bbhttps:\/\/vm.tiktok.com\/ZML3yjDQE\/\u00bb use_icon_font_size=\u00bbon\u00bb _builder_version=\u00bb4.17.3&#8243; _module_preset=\u00bbdefault\u00bb background_enable_color=\u00bboff\u00bb custom_margin=\u00bb0px|0px|0px|0px|true|true\u00bb custom_padding=\u00bb0px|0px|0px|0px|true|true\u00bb global_colors_info=\u00bb{}\u00bb follow_button=\u00bboff\u00bb url_new_window=\u00bbon\u00bb]tiktok[\/et_pb_social_media_follow_network][\/et_pb_social_media_follow][et_pb_image src=\u00bbhttps:\/\/oceanodecanarias.com\/wp-content\/uploads\/2022\/06\/pablomartin.jpg\u00bb title_text=\u00bbpablomartin\u00bb _builder_version=\u00bb4.17.4&#8243; _module_preset=\u00bbdefault\u00bb positioning=\u00bbrelative\u00bb position_origin_a=\u00bbbottom_center\u00bb vertical_offset=\u00bb25px\u00bb custom_margin=\u00bb23px||||false|false\u00bb custom_margin_tablet=\u00bb25px||||false|false\u00bb custom_margin_phone=\u00bb25px||||false|false\u00bb custom_margin_last_edited=\u00bbon|phone\u00bb custom_padding=\u00bb||||false|false\u00bb global_colors_info=\u00bb{}\u00bb][\/et_pb_image][\/et_pb_column][et_pb_column type=\u00bb1_4&#8243; _builder_version=\u00bb4.17.4&#8243; _module_preset=\u00bbdefault\u00bb background_color=\u00bb#FFFFFF\u00bb custom_padding=\u00bb30px||||false|false\u00bb border_radii=\u00bbon|12px|12px|12px|12px\u00bb global_colors_info=\u00bb{}\u00bb][et_pb_text _builder_version=\u00bb4.19.1&#8243; _module_preset=\u00bbdefault\u00bb text_font=\u00bb|300|||||||\u00bb text_font_size=\u00bb14px\u00bb header_4_font=\u00bb|800|on||||||\u00bb header_4_text_color=\u00bb#2B2B2B\u00bb header_4_font_size=\u00bb28px\u00bb width=\u00bb100%\u00bb custom_margin=\u00bb||0px||false|false\u00bb custom_padding=\u00bb|20px||20px|false|true\u00bb global_colors_info=\u00bb{}\u00bb]<\/p>\n<h4>Carla P\u00e9rez \u00c1lvarez<\/h4>\n<div class=\"page\" title=\"Page 8\">\n<div class=\"section\">\n<div class=\"layoutArea\">\n<div class=\"column\">\n<p>Bi\u00f3loga marina y especialista en Biodiversidad y Conservaci\u00f3n del medio marino de Canarias. Efectos del cambio clim\u00e1tico en la biodiversidad marina de Canarias, coordinaci\u00f3n de campa\u00f1as de investigaci\u00f3n de cet\u00e1ceos y participaci\u00f3n estudios de elasmobranquios. Docente de formaci\u00f3n para el empleo y de secundaria\/bachillerato: Experiencia buenas pr\u00e1cticas en las actividades subacu\u00e1ticas.<\/p>\n<\/div>\n<\/div>\n<\/div>\n<\/div>\n<p>[\/et_pb_text][et_pb_social_media_follow icon_color=\u00bb#2B2B2B\u00bb use_icon_font_size=\u00bbon\u00bb icon_font_size=\u00bb15px\u00bb _builder_version=\u00bb4.19.1&#8243; _module_preset=\u00bbdefault\u00bb custom_margin=\u00bb||0px||false|false\u00bb custom_padding=\u00bb10px|15px||15px|false|true\u00bb global_colors_info=\u00bb{}\u00bb icon_color__hover_enabled=\u00bbon|hover\u00bb icon_color__hover=\u00bb#24C7C9&#8243;][et_pb_social_media_follow_network social_network=\u00bbinstagram\u00bb url=\u00bbhttps:\/\/instagram.com\/carlaoceans\/\u00bb use_icon_font_size=\u00bbon\u00bb _builder_version=\u00bb4.19.1&#8243; _module_preset=\u00bbdefault\u00bb background_enable_color=\u00bboff\u00bb global_colors_info=\u00bb{}\u00bb follow_button=\u00bboff\u00bb url_new_window=\u00bbon\u00bb]instagram[\/et_pb_social_media_follow_network][\/et_pb_social_media_follow][et_pb_image src=\u00bbhttps:\/\/oceanodecanarias.com\/wp-content\/uploads\/2022\/05\/carlaperez.jpg\u00bb title_text=\u00bbcarlaperez\u00bb _builder_version=\u00bb4.17.4&#8243; _module_preset=\u00bbdefault\u00bb positioning=\u00bbrelative\u00bb position_origin_a=\u00bbbottom_center\u00bb vertical_offset=\u00bb0px\u00bb custom_margin=\u00bb||||false|false\u00bb custom_padding=\u00bb||||false|false\u00bb global_colors_info=\u00bb{}\u00bb][\/et_pb_image][et_pb_text _builder_version=\u00bb4.19.1&#8243; _module_preset=\u00bbdefault\u00bb text_font=\u00bb|300|||||||\u00bb text_text_color=\u00bb#FFFFFF\u00bb text_font_size=\u00bb14px\u00bb header_4_font=\u00bb|800|on||||||\u00bb header_4_text_color=\u00bb#2B2B2B\u00bb header_4_font_size=\u00bb28px\u00bb width=\u00bb100%\u00bb custom_margin=\u00bb||0px||false|false\u00bb custom_padding=\u00bb|20px||20px|false|true\u00bb global_colors_info=\u00bb{}\u00bb]<\/p>\n<p>.<\/p>\n<p>[\/et_pb_text][\/et_pb_column][et_pb_column type=\u00bb1_4&#8243; _builder_version=\u00bb4.17.4&#8243; _module_preset=\u00bbdefault\u00bb background_color=\u00bb#FFFFFF\u00bb custom_padding=\u00bb30px||||false|false\u00bb border_radii=\u00bbon|12px|12px|12px|12px\u00bb global_colors_info=\u00bb{}\u00bb][et_pb_text _builder_version=\u00bb4.19.1&#8243; _module_preset=\u00bbdefault\u00bb text_font=\u00bb|300|||||||\u00bb text_font_size=\u00bb14px\u00bb header_4_font=\u00bb|800|on||||||\u00bb header_4_text_color=\u00bb#2B2B2B\u00bb header_4_font_size=\u00bb28px\u00bb width=\u00bb100%\u00bb custom_margin=\u00bb||0px||false|false\u00bb custom_padding=\u00bb|20px||20px|false|true\u00bb global_colors_info=\u00bb{}\u00bb]<\/p>\n<h4>Henriette Heidrich<\/h4>\n<p>Bii\u00f3loga marina y futura docente de secundaria\/ bachillerato. Cuenta con experiencia en las reservas marinas de Canarias y sus efectos sobre los ecosistemas. Ha participado en campa\u00f1as cient\u00edficas de cet\u00e1ceos de buceo profundo en Canarias y en la creaci\u00f3n del promer cat\u00e1logo de fotoidentificaci\u00f3n del calder\u00f3n tropical (<em>Globicephala macrorhynchus<\/em>) en La Palma.<\/p>\n<p>[\/et_pb_text][et_pb_social_media_follow icon_color=\u00bb#2B2B2B\u00bb use_icon_font_size=\u00bbon\u00bb icon_font_size=\u00bb15px\u00bb _builder_version=\u00bb4.17.4&#8243; _module_preset=\u00bbdefault\u00bb custom_margin=\u00bb||0px||false|false\u00bb custom_padding=\u00bb10px|15px||15px|false|true\u00bb global_colors_info=\u00bb{}\u00bb icon_color__hover_enabled=\u00bbon|hover\u00bb icon_color__hover=\u00bb#24C7C9&#8243;][et_pb_social_media_follow_network social_network=\u00bbinstagram\u00bb url=\u00bbhttps:\/\/www.instagram.com\/henny_h11\/\u00bb use_icon_font_size=\u00bbon\u00bb _builder_version=\u00bb4.17.4&#8243; _module_preset=\u00bbdefault\u00bb background_enable_color=\u00bboff\u00bb global_colors_info=\u00bb{}\u00bb follow_button=\u00bboff\u00bb url_new_window=\u00bbon\u00bb]instagram[\/et_pb_social_media_follow_network][\/et_pb_social_media_follow][et_pb_image src=\u00bbhttps:\/\/oceanodecanarias.com\/wp-content\/uploads\/2022\/05\/henrietteheidrich.jpg\u00bb title_text=\u00bbhenrietteheidrich\u00bb _builder_version=\u00bb4.17.4&#8243; _module_preset=\u00bbdefault\u00bb positioning=\u00bbrelative\u00bb position_origin_a=\u00bbbottom_center\u00bb vertical_offset=\u00bb25px\u00bb custom_margin=\u00bb0px||||false|false\u00bb custom_margin_tablet=\u00bb25px||||false|false\u00bb custom_margin_phone=\u00bb25px||||false|false\u00bb custom_margin_last_edited=\u00bbon|phone\u00bb custom_padding=\u00bb||||false|false\u00bb global_colors_info=\u00bb{}\u00bb][\/et_pb_image][\/et_pb_column][et_pb_column type=\u00bb1_4&#8243; _builder_version=\u00bb4.17.4&#8243; _module_preset=\u00bbdefault\u00bb background_color=\u00bb#FFFFFF\u00bb custom_padding=\u00bb30px||||false|false\u00bb border_radii=\u00bbon|12px|12px|12px|12px\u00bb global_colors_info=\u00bb{}\u00bb][et_pb_text _builder_version=\u00bb4.17.4&#8243; _module_preset=\u00bbdefault\u00bb text_font=\u00bb|300|||||||\u00bb text_font_size=\u00bb14px\u00bb header_4_font=\u00bb|800|on||||||\u00bb header_4_text_color=\u00bb#2B2B2B\u00bb header_4_font_size=\u00bb28px\u00bb width=\u00bb100%\u00bb custom_margin=\u00bb||0px||false|false\u00bb custom_padding=\u00bb|20px||20px|false|true\u00bb global_colors_info=\u00bb{}\u00bb]<\/p>\n<h4>Miguel \u00c1ngel Bascur<\/h4>\n<div class=\"page\" title=\"Page 8\">\n<div class=\"section\">\n<div class=\"layoutArea\">\n<div class=\"column\">\n<p><span>Bio\u0301logo Marino especializado en Ecologi\u0301a Marina por la Universidad Cato\u0301lica de Chile. Ha realizado campan\u0303as cienti\u0301ficas para estudiar el efecto del cambio clima\u0301tico sobre la biodiversidad marina de la Peni\u0301nsula Anta\u0301rtica Occidental. Especialista en adaptaciones bioqui\u0301micas y reproductivas de diferentes especies bento\u0301nicas.<\/span><\/p>\n<\/div>\n<\/div>\n<\/div>\n<\/div>\n<p>[\/et_pb_text][et_pb_social_media_follow icon_color=\u00bb#FFFFFF\u00bb use_icon_font_size=\u00bbon\u00bb icon_font_size=\u00bb15px\u00bb _builder_version=\u00bb4.17.4&#8243; _module_preset=\u00bbdefault\u00bb custom_margin=\u00bb||0px||false|false\u00bb custom_padding=\u00bb0px||0px|||\u00bb global_colors_info=\u00bb{}\u00bb icon_color__hover_enabled=\u00bbon|hover\u00bb icon_color__hover=\u00bb#FFFFFF\u00bb][et_pb_social_media_follow_network social_network=\u00bbinstagram\u00bb icon_color=\u00bb#FFFFFF\u00bb use_icon_font_size=\u00bbon\u00bb _builder_version=\u00bb4.17.4&#8243; _module_preset=\u00bbdefault\u00bb background_enable_color=\u00bboff\u00bb global_colors_info=\u00bb{}\u00bb icon_color__hover_enabled=\u00bbon|hover\u00bb icon_color__hover=\u00bb#FFFFFF\u00bb follow_button=\u00bboff\u00bb url_new_window=\u00bbon\u00bb]instagram[\/et_pb_social_media_follow_network][\/et_pb_social_media_follow][et_pb_image src=\u00bbhttps:\/\/oceanodecanarias.com\/wp-content\/uploads\/2022\/06\/miguelbascur.jpg\u00bb title_text=\u00bbmiguelbascur\u00bb _builder_version=\u00bb4.17.4&#8243; _module_preset=\u00bbdefault\u00bb positioning=\u00bbrelative\u00bb vertical_offset=\u00bb58px\u00bb custom_margin=\u00bb||||false|false\u00bb custom_margin_tablet=\u00bb-23px||||false|false\u00bb custom_margin_phone=\u00bb-40px||||false|false\u00bb custom_margin_last_edited=\u00bbon|desktop\u00bb custom_padding=\u00bb||||false|false\u00bb global_colors_info=\u00bb{}\u00bb][\/et_pb_image][\/et_pb_column][\/et_pb_row][\/et_pb_section]<\/p>\n","protected":false},"excerpt":{"rendered":"<p>El equipo. Oc\u00e9ano de Canarias est\u00e1 formado por cuatro personas con formaci\u00f3n en Biolog\u00eda Marina y docencia en la educaci\u00f3n secundaria obligatoria. Este proyecto, presenta un equipo multidisciplinario, cada integrante presenta un perfil \u00fanico. Nuestr personal docente y ci\u00e9ntifico, tiene experiencia en la conservaci\u00f3n de los ecosistemas marinos, investigaci\u00f3n de cet\u00e1ceos y elasmobranquios costeros, funcionamiento [&hellip;]<\/p>\n","protected":false},"author":3,"featured_media":0,"parent":0,"menu_order":0,"comment_status":"closed","ping_status":"closed","template":"","meta":{"_acf_changed":false,"_et_pb_use_builder":"on","_et_pb_old_content":"<!-- wp:divi\/placeholder \/-->","_et_gb_content_width":"","footnotes":""},"class_list":["post-16","page","type-page","status-publish","hentry"],"acf":[],"_links":{"self":[{"href":"https:\/\/oceanodecanarias.com\/index.php?rest_route=\/wp\/v2\/pages\/16","targetHints":{"allow":["GET"]}}],"collection":[{"href":"https:\/\/oceanodecanarias.com\/index.php?rest_route=\/wp\/v2\/pages"}],"about":[{"href":"https:\/\/oceanodecanarias.com\/index.php?rest_route=\/wp\/v2\/types\/page"}],"author":[{"embeddable":true,"href":"https:\/\/oceanodecanarias.com\/index.php?rest_route=\/wp\/v2\/users\/3"}],"replies":[{"embeddable":true,"href":"https:\/\/oceanodecanarias.com\/index.php?rest_route=%2Fwp%2Fv2%2Fcomments&post=16"}],"version-history":[{"count":6,"href":"https:\/\/oceanodecanarias.com\/index.php?rest_route=\/wp\/v2\/pages\/16\/revisions"}],"predecessor-version":[{"id":1251,"href":"https:\/\/oceanodecanarias.com\/index.php?rest_route=\/wp\/v2\/pages\/16\/revisions\/1251"}],"wp:attachment":[{"href":"https:\/\/oceanodecanarias.com\/index.php?rest_route=%2Fwp%2Fv2%2Fmedia&parent=16"}],"curies":[{"name":"wp","href":"https:\/\/api.w.org\/{rel}","templated":true}]}}